{"id":91,"date":"2015-10-22T03:26:46","date_gmt":"2015-10-22T03:26:46","guid":{"rendered":"http:\/\/demo.thimpress.com\/eduma\/?page_id=91"},"modified":"2015-10-22T03:26:46","modified_gmt":"2015-10-22T03:26:46","slug":"faqs","status":"publish","type":"page","link":"https:\/\/yeespr.net\/st2\/faqs\/","title":{"rendered":"FAQs"},"content":{"rendered":"<div id=\"pl-91\"  class=\"panel-layout\" ><div id=\"pg-91-0\"  class=\"panel-grid panel-no-style\" ><div id=\"pgc-91-0-0\"  class=\"panel-grid-cell\" ><div id=\"panel-91-0-0-0\" class=\"so-panel widget panel-first-child panel-last-child\" data-index=\"0\" ><div class=\"panel-widget-style panel-widget-style-for-91-0-0-0\" ><\/div><\/div><\/div><\/div><div id=\"pg-91-1\"  class=\"panel-grid panel-no-style\" ><div id=\"pgc-91-1-0\"  class=\"panel-grid-cell\" ><div id=\"panel-91-1-0-0\" class=\"so-panel widget panel-first-child panel-last-child\" data-index=\"1\" ><\/div><\/div><div id=\"pgc-91-1-1\"  class=\"panel-grid-cell\" ><div id=\"panel-91-1-1-0\" class=\"so-panel widget panel-first-child panel-last-child\" data-index=\"2\" ><\/div><\/div><\/div><div id=\"pg-91-2\"  class=\"panel-grid panel-no-style\" ><div id=\"pgc-91-2-0\"  class=\"panel-grid-cell\" ><div id=\"panel-91-2-0-0\" class=\"so-panel widget widget_text panel-first-child panel-last-child\" data-index=\"3\" ><div class=\"thim-border-top panel-widget-style panel-widget-style-for-91-2-0-0\" >\t\t\t<div class=\"textwidget\"><div class=\"thim-contact-faqs text-center\">\n<h4>Didn't find the answer?<\/h4>\n\n<div class=\"wpcf7 no-js\" id=\"wpcf7-f4-o1\" lang=\"en-US\" dir=\"ltr\">\n<div class=\"screen-reader-response\"><p role=\"status\" aria-live=\"polite\" aria-atomic=\"true\"><\/p> <ul><\/ul><\/div>\n<form action=\"\/st2\/wp-json\/wp\/v2\/pages\/91#wpcf7-f4-o1\" method=\"post\" class=\"wpcf7-form init\" aria-label=\"Contact form\" novalidate=\"novalidate\" data-status=\"init\">\n<div style=\"display: none;\">\n<input type=\"hidden\" name=\"_wpcf7\" value=\"4\" \/>\n<input type=\"hidden\" name=\"_wpcf7_version\" value=\"5.8.7\" \/>\n<input type=\"hidden\" name=\"_wpcf7_locale\" value=\"en_US\" \/>\n<input type=\"hidden\" name=\"_wpcf7_unit_tag\" value=\"wpcf7-f4-o1\" \/>\n<input type=\"hidden\" name=\"_wpcf7_container_post\" value=\"0\" \/>\n<input type=\"hidden\" name=\"_wpcf7_posted_data_hash\" value=\"\" \/>\n<\/div>\n<p><span class=\"wpcf7-form-control-wrap\" data-name=\"your-name\"><input size=\"40\" class=\"wpcf7-form-control wpcf7-text wpcf7-validates-as-required\" aria-required=\"true\" aria-invalid=\"false\" placeholder=\"Name *\" value=\"\" type=\"text\" name=\"your-name\" \/><\/span>\n<\/p>\n<p><span class=\"wpcf7-form-control-wrap\" data-name=\"your-email\"><input size=\"40\" class=\"wpcf7-form-control wpcf7-email wpcf7-validates-as-required wpcf7-text wpcf7-validates-as-email\" aria-required=\"true\" aria-invalid=\"false\" placeholder=\"Email *\" value=\"\" type=\"email\" name=\"your-email\" \/><\/span>\n<\/p>\n<p><span class=\"wpcf7-form-control-wrap\" data-name=\"your-subject\"><input size=\"40\" class=\"wpcf7-form-control wpcf7-text wpcf7-validates-as-required\" aria-required=\"true\" aria-invalid=\"false\" placeholder=\"Subject *\" value=\"\" type=\"text\" name=\"your-subject\" \/><\/span>\n<\/p>\n<p><span class=\"wpcf7-form-control-wrap\" data-name=\"your-message\"><textarea cols=\"40\" rows=\"10\" class=\"wpcf7-form-control wpcf7-textarea wpcf7-validates-as-required\" aria-required=\"true\" aria-invalid=\"false\" placeholder=\"Message *\" name=\"your-message\"><\/textarea><\/span>\n<\/p>\n<p><input class=\"wpcf7-form-control wpcf7-submit has-spinner\" type=\"submit\" value=\"Submit\" \/>\n<\/p><p style=\"display: none !important;\" class=\"akismet-fields-container\" data-prefix=\"_wpcf7_ak_\"><label>&#916;<textarea name=\"_wpcf7_ak_hp_textarea\" cols=\"45\" rows=\"8\" maxlength=\"100\"><\/textarea><\/label><input type=\"hidden\" id=\"ak_js_1\" name=\"_wpcf7_ak_js\" value=\"231\"\/><script>document.getElementById( \"ak_js_1\" ).setAttribute( \"value\", ( new Date() ).getTime() );<\/script><\/p><div class=\"wpcf7-response-output\" aria-hidden=\"true\"><\/div>\n<\/form>\n<\/div>\n\n<\/div><\/div>\n\t\t<\/div><\/div><\/div><\/div><\/div>","protected":false},"excerpt":{"rendered":"<p>Didn&#8217;t find the answer? &#916;<\/p>\n","protected":false},"author":1,"featured_media":0,"parent":0,"menu_order":0,"comment_status":"closed","ping_status":"closed","template":"","meta":{"footnotes":""},"yoast_head":"<!-- This site is optimized with the Yoast SEO plugin v21.8.1 - https:\/\/yoast.com\/wordpress\/plugins\/seo\/ -->\n<title>FAQs &#8211; YEES!<\/title>\n<meta name=\"robots\" content=\"index, follow, max-snippet:-1, max-image-preview:large, max-video-preview:-1\" \/>\n<link rel=\"canonical\" href=\"https:\/\/yeespr.net\/st2\/faqs\/\" \/>\n<meta property=\"og:locale\" content=\"en_US\" \/>\n<meta property=\"og:type\" content=\"article\" \/>\n<meta property=\"og:title\" content=\"FAQs &#8211; YEES!\" \/>\n<meta property=\"og:description\" content=\"Didn&#039;t find the answer? &#916;\" \/>\n<meta property=\"og:url\" content=\"https:\/\/yeespr.net\/st2\/faqs\/\" \/>\n<meta property=\"og:site_name\" content=\"YEES!\" \/>\n<meta name=\"twitter:card\" content=\"summary_large_image\" \/>\n<meta name=\"twitter:label1\" content=\"Est. reading time\" \/>\n\t<meta name=\"twitter:data1\" content=\"2 minutes\" \/>\n<script type=\"application\/ld+json\" class=\"yoast-schema-graph\">{\"@context\":\"https:\/\/schema.org\",\"@graph\":[{\"@type\":\"WebPage\",\"@id\":\"https:\/\/yeespr.net\/st2\/faqs\/\",\"url\":\"https:\/\/yeespr.net\/st2\/faqs\/\",\"name\":\"FAQs &#8211; YEES!\",\"isPartOf\":{\"@id\":\"https:\/\/yeespr.net\/st2\/#website\"},\"datePublished\":\"2015-10-22T03:26:46+00:00\",\"dateModified\":\"2015-10-22T03:26:46+00:00\",\"breadcrumb\":{\"@id\":\"https:\/\/yeespr.net\/st2\/faqs\/#breadcrumb\"},\"inLanguage\":\"en-US\",\"potentialAction\":[{\"@type\":\"ReadAction\",\"target\":[\"https:\/\/yeespr.net\/st2\/faqs\/\"]}]},{\"@type\":\"BreadcrumbList\",\"@id\":\"https:\/\/yeespr.net\/st2\/faqs\/#breadcrumb\",\"itemListElement\":[{\"@type\":\"ListItem\",\"position\":1,\"name\":\"Portada\",\"item\":\"https:\/\/yeespr.net\/st2\/\"},{\"@type\":\"ListItem\",\"position\":2,\"name\":\"FAQs\"}]},{\"@type\":\"WebSite\",\"@id\":\"https:\/\/yeespr.net\/st2\/#website\",\"url\":\"https:\/\/yeespr.net\/st2\/\",\"name\":\"YEES!\",\"description\":\"Ser la instituci\u00f3n de educaci\u00f3n empresarial predominante, reconocida, y pr\u00f3spera con amplios recursos destinados al desarrollo de una comunidad emprendedora; convertir el empresarismo en un estilo de vida que impulse a todos a quienes tocamos.\",\"publisher\":{\"@id\":\"https:\/\/yeespr.net\/st2\/#organization\"},\"potentialAction\":[{\"@type\":\"SearchAction\",\"target\":{\"@type\":\"EntryPoint\",\"urlTemplate\":\"https:\/\/yeespr.net\/st2\/?s={search_term_string}\"},\"query-input\":\"required name=search_term_string\"}],\"inLanguage\":\"en-US\"},{\"@type\":\"Organization\",\"@id\":\"https:\/\/yeespr.net\/st2\/#organization\",\"name\":\"Yees!\",\"url\":\"https:\/\/yeespr.net\/st2\/\",\"logo\":{\"@type\":\"ImageObject\",\"inLanguage\":\"en-US\",\"@id\":\"https:\/\/yeespr.net\/st2\/#\/schema\/logo\/image\/\",\"url\":\"https:\/\/yeespr.net\/st2\/wp-content\/uploads\/2019\/04\/Picture1logo2.png\",\"contentUrl\":\"https:\/\/yeespr.net\/st2\/wp-content\/uploads\/2019\/04\/Picture1logo2.png\",\"width\":144,\"height\":83,\"caption\":\"Yees!\"},\"image\":{\"@id\":\"https:\/\/yeespr.net\/st2\/#\/schema\/logo\/image\/\"}}]}<\/script>\n<!-- \/ Yoast SEO plugin. -->","yoast_head_json":{"title":"FAQs &#8211; YEES!","robots":{"index":"index","follow":"follow","max-snippet":"max-snippet:-1","max-image-preview":"max-image-preview:large","max-video-preview":"max-video-preview:-1"},"canonical":"https:\/\/yeespr.net\/st2\/faqs\/","og_locale":"en_US","og_type":"article","og_title":"FAQs &#8211; YEES!","og_description":"Didn't find the answer? &#916;","og_url":"https:\/\/yeespr.net\/st2\/faqs\/","og_site_name":"YEES!","twitter_card":"summary_large_image","twitter_misc":{"Est. reading time":"2 minutes"},"schema":{"@context":"https:\/\/schema.org","@graph":[{"@type":"WebPage","@id":"https:\/\/yeespr.net\/st2\/faqs\/","url":"https:\/\/yeespr.net\/st2\/faqs\/","name":"FAQs &#8211; YEES!","isPartOf":{"@id":"https:\/\/yeespr.net\/st2\/#website"},"datePublished":"2015-10-22T03:26:46+00:00","dateModified":"2015-10-22T03:26:46+00:00","breadcrumb":{"@id":"https:\/\/yeespr.net\/st2\/faqs\/#breadcrumb"},"inLanguage":"en-US","potentialAction":[{"@type":"ReadAction","target":["https:\/\/yeespr.net\/st2\/faqs\/"]}]},{"@type":"BreadcrumbList","@id":"https:\/\/yeespr.net\/st2\/faqs\/#breadcrumb","itemListElement":[{"@type":"ListItem","position":1,"name":"Portada","item":"https:\/\/yeespr.net\/st2\/"},{"@type":"ListItem","position":2,"name":"FAQs"}]},{"@type":"WebSite","@id":"https:\/\/yeespr.net\/st2\/#website","url":"https:\/\/yeespr.net\/st2\/","name":"YEES!","description":"Ser la instituci\u00f3n de educaci\u00f3n empresarial predominante, reconocida, y pr\u00f3spera con amplios recursos destinados al desarrollo de una comunidad emprendedora; convertir el empresarismo en un estilo de vida que impulse a todos a quienes tocamos.","publisher":{"@id":"https:\/\/yeespr.net\/st2\/#organization"},"potentialAction":[{"@type":"SearchAction","target":{"@type":"EntryPoint","urlTemplate":"https:\/\/yeespr.net\/st2\/?s={search_term_string}"},"query-input":"required name=search_term_string"}],"inLanguage":"en-US"},{"@type":"Organization","@id":"https:\/\/yeespr.net\/st2\/#organization","name":"Yees!","url":"https:\/\/yeespr.net\/st2\/","logo":{"@type":"ImageObject","inLanguage":"en-US","@id":"https:\/\/yeespr.net\/st2\/#\/schema\/logo\/image\/","url":"https:\/\/yeespr.net\/st2\/wp-content\/uploads\/2019\/04\/Picture1logo2.png","contentUrl":"https:\/\/yeespr.net\/st2\/wp-content\/uploads\/2019\/04\/Picture1logo2.png","width":144,"height":83,"caption":"Yees!"},"image":{"@id":"https:\/\/yeespr.net\/st2\/#\/schema\/logo\/image\/"}}]}},"_links":{"self":[{"href":"https:\/\/yeespr.net\/st2\/wp-json\/wp\/v2\/pages\/91"}],"collection":[{"href":"https:\/\/yeespr.net\/st2\/wp-json\/wp\/v2\/pages"}],"about":[{"href":"https:\/\/yeespr.net\/st2\/wp-json\/wp\/v2\/types\/page"}],"author":[{"embeddable":true,"href":"https:\/\/yeespr.net\/st2\/wp-json\/wp\/v2\/users\/1"}],"replies":[{"embeddable":true,"href":"https:\/\/yeespr.net\/st2\/wp-json\/wp\/v2\/comments?post=91"}],"version-history":[{"count":0,"href":"https:\/\/yeespr.net\/st2\/wp-json\/wp\/v2\/pages\/91\/revisions"}],"wp:attachment":[{"href":"https:\/\/yeespr.net\/st2\/wp-json\/wp\/v2\/media?parent=91"}],"curies":[{"name":"wp","href":"https:\/\/api.w.org\/{rel}","templated":true}]}}