{"id":4521,"date":"2019-04-30T15:25:09","date_gmt":"2019-04-30T19:25:09","guid":{"rendered":"https:\/\/yeespr.net\/st2\/perfil-2\/"},"modified":"2019-04-30T16:19:38","modified_gmt":"2019-04-30T20:19:38","slug":"perfil-2","status":"publish","type":"page","link":"https:\/\/yeespr.net\/st2\/perfil-2\/","title":{"rendered":"Perfil"},"content":{"rendered":"<div class=\"learnpress\">\t<div id=\"learn-press-profile\"  class=\"lp-user-profile current-user guest\">\n\t\t\n\t\t\t\n\t\t\t<div class=\"lp-content-area\">\n\t\t\t\t\n\n<div class=\"learn-press-form-login learn-press-form\">\n\n\t<h3>Login<\/h3>\n\n\t\n\t<form name=\"learn-press-login\" method=\"post\" action=\"\">\n\n\t\t\n\t\t<ul class=\"form-fields\">\n\t\t\t<li class=\"form-field\">\n\t\t\t\t<label for=\"username\">Username or email&nbsp;<span class=\"required\">*<\/span><\/label>\n\t\t\t\t<input type=\"text\" name=\"username\" id=\"username\" placeholder=\"Email or username\" autocomplete=\"username\" \/>\n\t\t\t<\/li>\n\t\t\t<li class=\"form-field\">\n\t\t\t\t<label for=\"password\">Password&nbsp;<span class=\"required\">*<\/span><\/label>\n\t\t\t\t<input type=\"password\" name=\"password\" id=\"password\" placeholder=\"Password\" autocomplete=\"current-password\" \/>\n\t\t\t<\/li>\n\t\t<\/ul>\n\n\t\t\t\t<p>\n\t\t\t<label>\n\t\t\t\t<input type=\"checkbox\" name=\"rememberme\"\/>\n\t\t\t\tRemember me\t\t\t<\/label>\n\t\t<\/p>\n\n\t\t\n\t\t<p>\n\t\t\t<input type=\"hidden\" name=\"learn-press-login-nonce\" value=\"12e5cc68f4\">\n\t\t\t<button type=\"submit\">Login<\/button>\n\t\t<\/p>\n\t\t<p>\n\t\t\t<a href=\"https:\/\/yeespr.net\/st2\/wp-login.php?action=lostpassword\">Lost your password?<\/a>\n\t\t<\/p>\n\t<\/form>\n\n\t\n<\/div>\n\n<div class=\"learn-press-form-register learn-press-form\">\n\n\t<h3>Register<\/h3>\n\n\t\n\t<form name=\"learn-press-register\" method=\"post\" action=\"\">\n\n\t\t<ul class=\"form-fields\">\n\n\t\t\t\n\t\t\t<li class=\"form-field\">\n\t\t\t\t<label for=\"reg_email\">Email address&nbsp;<span class=\"required\">*<\/span><\/label>\n\t\t\t\t<input id =\"reg_email\" name=\"reg_email\" type=\"text\" placeholder=\"Email\" autocomplete=\"email\" value=\"\">\n\t\t\t<\/li>\n\t\t\t<li class=\"form-field\">\n\t\t\t\t<label for=\"reg_username\">Username&nbsp;<span class=\"required\">*<\/span><\/label>\n\t\t\t\t<input id =\"reg_username\" name=\"reg_username\" type=\"text\" placeholder=\"Username\" autocomplete=\"username\" value=\"\">\n\t\t\t<\/li>\n\t\t\t<li class=\"form-field\">\n\t\t\t\t<label for=\"reg_password\">Password&nbsp;<span class=\"required\">*<\/span><\/label>\n\t\t\t\t<input id =\"reg_password\" name=\"reg_password\" type=\"password\" placeholder=\"Password\" autocomplete=\"new-password\">\n\t\t\t<\/li>\n\t\t\t<li class=\"form-field\">\n\t\t\t\t<label for=\"reg_password2\">Confirm Password&nbsp;<span class=\"required\">*<\/span><\/label>\n\t\t\t\t<input id =\"reg_password2\" name=\"reg_password2\" type=\"password\" placeholder=\"Password\" autocomplete=\"off\">\n\t\t\t<\/li>\n\n\t\t\t\t\n\t\t\t\t<\/ul>\n\n\t\t\t<p>\n\t\t<label for=\"become_teacher\">\n\t\t\t<input type=\"checkbox\" name=\"become_teacher\" id=\"become_teacher\">\n\t\t\tWant to become an instructor?\t\t<\/label>\n\t<\/p>\n\t\t\t\t<p class=\"loginpress-reg-pass-wrap\">\n\t\t\t\t<label for=\"loginpress-reg-pass\">Password<\/label>\n\t\t\t<\/p>\n\n\t\t\t<div class=\"loginpress-reg-pass-wrap-1 password-field\">\n\t\t\t\t<input autocomplete=\"off\" name=\"loginpress-reg-pass\" id=\"loginpress-reg-pass\" class=\"input custom-password-input\" size=\"20\" value=\"\" type=\"password\" \/>\n\t\t\t\t<span class=\"show-password-toggle dashicons dashicons-visibility\"><\/span>\n\t\t\t<\/div>\n\n\t\t\t<p class=\"loginpress-reg-pass-2-wrap\">\n\t\t\t\t<label for=\"loginpress-reg-pass-2\">Confirm Password<\/label>\n\t\t\t<\/p>\n\n\t\t\t<div class=\"loginpress-reg-pass-wrap-2 password-field\">\n\t\t\t\t<input autocomplete=\"off\" name=\"loginpress-reg-pass-2\" id=\"loginpress-reg-pass-2\" class=\"input custom-password-input\" size=\"20\" value=\"\" type=\"password\" \/>\n\t\t\t\t<span class=\"show-password-toggle dashicons dashicons-visibility\"><\/span>\n\t\t\t<\/div>\n\t\t\t\n\t\t<p>\n\t\t\t<input type=\"hidden\" id=\"learn-press-register-nonce\" name=\"learn-press-register-nonce\" value=\"eb32ae8090\" \/><input type=\"hidden\" name=\"_wp_http_referer\" value=\"\/st2\/wp-json\/wp\/v2\/pages\/4521\" \/>\t\t\t<button type=\"submit\">Register<\/button>\n\t\t<\/p>\n\n\t<\/form>\n\n\t\n<\/div>\n\t\t\t<\/div>\n\t\t\t<\/div>\n<\/div>\n","protected":false},"excerpt":{"rendered":"","protected":false},"author":0,"featured_media":0,"parent":0,"menu_order":0,"comment_status":"open","ping_status":"open","template":"","meta":{"footnotes":""},"yoast_head":"<!-- This site is optimized with the Yoast SEO plugin v21.8.1 - https:\/\/yoast.com\/wordpress\/plugins\/seo\/ -->\n<title>Perfil &#8211; YEES!<\/title>\n<meta name=\"robots\" content=\"index, follow, max-snippet:-1, max-image-preview:large, max-video-preview:-1\" \/>\n<link rel=\"canonical\" href=\"https:\/\/yeespr.net\/st2\/perfil-2\/\" \/>\n<meta property=\"og:locale\" content=\"en_US\" \/>\n<meta property=\"og:type\" content=\"article\" \/>\n<meta property=\"og:title\" content=\"Perfil &#8211; YEES!\" \/>\n<meta property=\"og:url\" content=\"https:\/\/yeespr.net\/st2\/perfil-2\/\" \/>\n<meta property=\"og:site_name\" content=\"YEES!\" \/>\n<meta property=\"article:modified_time\" content=\"2019-04-30T20:19:38+00:00\" \/>\n<meta name=\"twitter:card\" content=\"summary_large_image\" \/>\n<script type=\"application\/ld+json\" class=\"yoast-schema-graph\">{\"@context\":\"https:\/\/schema.org\",\"@graph\":[{\"@type\":\"WebPage\",\"@id\":\"https:\/\/yeespr.net\/st2\/perfil-2\/\",\"url\":\"https:\/\/yeespr.net\/st2\/perfil-2\/\",\"name\":\"Perfil &#8211; YEES!\",\"isPartOf\":{\"@id\":\"https:\/\/yeespr.net\/st2\/#website\"},\"datePublished\":\"2019-04-30T19:25:09+00:00\",\"dateModified\":\"2019-04-30T20:19:38+00:00\",\"breadcrumb\":{\"@id\":\"https:\/\/yeespr.net\/st2\/perfil-2\/#breadcrumb\"},\"inLanguage\":\"en-US\",\"potentialAction\":[{\"@type\":\"ReadAction\",\"target\":[\"https:\/\/yeespr.net\/st2\/perfil-2\/\"]}]},{\"@type\":\"BreadcrumbList\",\"@id\":\"https:\/\/yeespr.net\/st2\/perfil-2\/#breadcrumb\",\"itemListElement\":[{\"@type\":\"ListItem\",\"position\":1,\"name\":\"Portada\",\"item\":\"https:\/\/yeespr.net\/st2\/\"},{\"@type\":\"ListItem\",\"position\":2,\"name\":\"Perfil\"}]},{\"@type\":\"WebSite\",\"@id\":\"https:\/\/yeespr.net\/st2\/#website\",\"url\":\"https:\/\/yeespr.net\/st2\/\",\"name\":\"YEES!\",\"description\":\"Ser la instituci\u00f3n de educaci\u00f3n empresarial predominante, reconocida, y pr\u00f3spera con amplios recursos destinados al desarrollo de una comunidad emprendedora; convertir el empresarismo en un estilo de vida que impulse a todos a quienes tocamos.\",\"publisher\":{\"@id\":\"https:\/\/yeespr.net\/st2\/#organization\"},\"potentialAction\":[{\"@type\":\"SearchAction\",\"target\":{\"@type\":\"EntryPoint\",\"urlTemplate\":\"https:\/\/yeespr.net\/st2\/?s={search_term_string}\"},\"query-input\":\"required name=search_term_string\"}],\"inLanguage\":\"en-US\"},{\"@type\":\"Organization\",\"@id\":\"https:\/\/yeespr.net\/st2\/#organization\",\"name\":\"Yees!\",\"url\":\"https:\/\/yeespr.net\/st2\/\",\"logo\":{\"@type\":\"ImageObject\",\"inLanguage\":\"en-US\",\"@id\":\"https:\/\/yeespr.net\/st2\/#\/schema\/logo\/image\/\",\"url\":\"https:\/\/yeespr.net\/st2\/wp-content\/uploads\/2019\/04\/Picture1logo2.png\",\"contentUrl\":\"https:\/\/yeespr.net\/st2\/wp-content\/uploads\/2019\/04\/Picture1logo2.png\",\"width\":144,\"height\":83,\"caption\":\"Yees!\"},\"image\":{\"@id\":\"https:\/\/yeespr.net\/st2\/#\/schema\/logo\/image\/\"}}]}<\/script>\n<!-- \/ Yoast SEO plugin. -->","yoast_head_json":{"title":"Perfil &#8211; YEES!","robots":{"index":"index","follow":"follow","max-snippet":"max-snippet:-1","max-image-preview":"max-image-preview:large","max-video-preview":"max-video-preview:-1"},"canonical":"https:\/\/yeespr.net\/st2\/perfil-2\/","og_locale":"en_US","og_type":"article","og_title":"Perfil &#8211; YEES!","og_url":"https:\/\/yeespr.net\/st2\/perfil-2\/","og_site_name":"YEES!","article_modified_time":"2019-04-30T20:19:38+00:00","twitter_card":"summary_large_image","schema":{"@context":"https:\/\/schema.org","@graph":[{"@type":"WebPage","@id":"https:\/\/yeespr.net\/st2\/perfil-2\/","url":"https:\/\/yeespr.net\/st2\/perfil-2\/","name":"Perfil &#8211; YEES!","isPartOf":{"@id":"https:\/\/yeespr.net\/st2\/#website"},"datePublished":"2019-04-30T19:25:09+00:00","dateModified":"2019-04-30T20:19:38+00:00","breadcrumb":{"@id":"https:\/\/yeespr.net\/st2\/perfil-2\/#breadcrumb"},"inLanguage":"en-US","potentialAction":[{"@type":"ReadAction","target":["https:\/\/yeespr.net\/st2\/perfil-2\/"]}]},{"@type":"BreadcrumbList","@id":"https:\/\/yeespr.net\/st2\/perfil-2\/#breadcrumb","itemListElement":[{"@type":"ListItem","position":1,"name":"Portada","item":"https:\/\/yeespr.net\/st2\/"},{"@type":"ListItem","position":2,"name":"Perfil"}]},{"@type":"WebSite","@id":"https:\/\/yeespr.net\/st2\/#website","url":"https:\/\/yeespr.net\/st2\/","name":"YEES!","description":"Ser la instituci\u00f3n de educaci\u00f3n empresarial predominante, reconocida, y pr\u00f3spera con amplios recursos destinados al desarrollo de una comunidad emprendedora; convertir el empresarismo en un estilo de vida que impulse a todos a quienes tocamos.","publisher":{"@id":"https:\/\/yeespr.net\/st2\/#organization"},"potentialAction":[{"@type":"SearchAction","target":{"@type":"EntryPoint","urlTemplate":"https:\/\/yeespr.net\/st2\/?s={search_term_string}"},"query-input":"required name=search_term_string"}],"inLanguage":"en-US"},{"@type":"Organization","@id":"https:\/\/yeespr.net\/st2\/#organization","name":"Yees!","url":"https:\/\/yeespr.net\/st2\/","logo":{"@type":"ImageObject","inLanguage":"en-US","@id":"https:\/\/yeespr.net\/st2\/#\/schema\/logo\/image\/","url":"https:\/\/yeespr.net\/st2\/wp-content\/uploads\/2019\/04\/Picture1logo2.png","contentUrl":"https:\/\/yeespr.net\/st2\/wp-content\/uploads\/2019\/04\/Picture1logo2.png","width":144,"height":83,"caption":"Yees!"},"image":{"@id":"https:\/\/yeespr.net\/st2\/#\/schema\/logo\/image\/"}}]}},"_links":{"self":[{"href":"https:\/\/yeespr.net\/st2\/wp-json\/wp\/v2\/pages\/4521"}],"collection":[{"href":"https:\/\/yeespr.net\/st2\/wp-json\/wp\/v2\/pages"}],"about":[{"href":"https:\/\/yeespr.net\/st2\/wp-json\/wp\/v2\/types\/page"}],"replies":[{"embeddable":true,"href":"https:\/\/yeespr.net\/st2\/wp-json\/wp\/v2\/comments?post=4521"}],"version-history":[{"count":1,"href":"https:\/\/yeespr.net\/st2\/wp-json\/wp\/v2\/pages\/4521\/revisions"}],"predecessor-version":[{"id":9170,"href":"https:\/\/yeespr.net\/st2\/wp-json\/wp\/v2\/pages\/4521\/revisions\/9170"}],"wp:attachment":[{"href":"https:\/\/yeespr.net\/st2\/wp-json\/wp\/v2\/media?parent=4521"}],"curies":[{"name":"wp","href":"https:\/\/api.w.org\/{rel}","templated":true}]}}