{"id":17069,"date":"2024-02-07T09:27:29","date_gmt":"2024-02-07T13:27:29","guid":{"rendered":"https:\/\/yeespr.net\/st2\/?page_id=17069"},"modified":"2024-02-07T11:08:12","modified_gmt":"2024-02-07T15:08:12","slug":"educacion","status":"publish","type":"page","link":"https:\/\/yeespr.net\/st2\/educacion\/","title":{"rendered":"Educacion"},"content":{"rendered":"\n<div class=\"wp-block-columns is-layout-flex wp-container-core-columns-layout-1 wp-block-columns-is-layout-flex\" style=\"padding-right:var(--wp--preset--spacing--40);padding-left:var(--wp--preset--spacing--40)\">\n<div class=\"wp-block-column is-vertically-aligned-center is-layout-flow wp-block-column-is-layout-flow\">\n<p class=\"has-text-color has-link-color has-x-large-font-size wp-elements-7a69d406900fdca64a9e4edc3b4eb403\" style=\"color:#383838\"><strong>\u00a1Transforma<\/strong> tu<br>sal\u00f3n de clases<br>con Yees!<\/p>\n\n\n\n<p class=\"has-text-color has-link-color wp-elements-0ca5b7856970e85cf83d5077487ff0af\" style=\"color:#383838\">Con programas y hterramientas<br>educativas y divertidas; alineadas<br>a los est\u00e1ndares de educaci\u00f3n.<\/p>\n<\/div>\n\n\n\n<div class=\"wp-block-column is-layout-flow wp-block-column-is-layout-flow\">\n<figure class=\"wp-block-image size-large is-resized\"><img fetchpriority=\"high\" decoding=\"async\" width=\"839\" height=\"1024\" src=\"https:\/\/yeespr.net\/st2\/wp-content\/uploads\/2024\/02\/Yees_Educacion_Header-839x1024.png\" alt=\"\" class=\"wp-image-17070\" style=\"width:424px;height:auto\" srcset=\"https:\/\/yeespr.net\/st2\/wp-content\/uploads\/2024\/02\/Yees_Educacion_Header-839x1024.png 839w, https:\/\/yeespr.net\/st2\/wp-content\/uploads\/2024\/02\/Yees_Educacion_Header-246x300.png 246w, https:\/\/yeespr.net\/st2\/wp-content\/uploads\/2024\/02\/Yees_Educacion_Header-768x937.png 768w, https:\/\/yeespr.net\/st2\/wp-content\/uploads\/2024\/02\/Yees_Educacion_Header-1259x1536.png 1259w, https:\/\/yeespr.net\/st2\/wp-content\/uploads\/2024\/02\/Yees_Educacion_Header-1678x2048.png 1678w\" sizes=\"(max-width: 839px) 100vw, 839px\" \/><\/figure>\n<\/div>\n<\/div>\n\n\n\n<h2 class=\"wp-block-heading has-text-align-center has-text-color has-link-color wp-elements-6543a991fce989966112f0d4d1072401\" style=\"color:#383838\"><strong>Desarrolla<\/strong> en tus estudiantes:<\/h2>\n\n\n\n<div style=\"height:20px\" aria-hidden=\"true\" class=\"wp-block-spacer\"><\/div>\n\n\n\n<figure class=\"wp-block-image aligncenter size-large\"><img decoding=\"async\" width=\"1024\" height=\"559\" src=\"https:\/\/yeespr.net\/st2\/wp-content\/uploads\/2024\/02\/DesarrollaHabilidades-1024x559.png\" alt=\"\" class=\"wp-image-17071\" srcset=\"https:\/\/yeespr.net\/st2\/wp-content\/uploads\/2024\/02\/DesarrollaHabilidades-1024x559.png 1024w, https:\/\/yeespr.net\/st2\/wp-content\/uploads\/2024\/02\/DesarrollaHabilidades-300x164.png 300w, https:\/\/yeespr.net\/st2\/wp-content\/uploads\/2024\/02\/DesarrollaHabilidades-768x419.png 768w, https:\/\/yeespr.net\/st2\/wp-content\/uploads\/2024\/02\/DesarrollaHabilidades-1536x839.png 1536w, https:\/\/yeespr.net\/st2\/wp-content\/uploads\/2024\/02\/DesarrollaHabilidades-2048x1118.png 2048w\" sizes=\"(max-width: 1024px) 100vw, 1024px\" \/><\/figure>\n\n\n\n<div style=\"height:80px\" aria-hidden=\"true\" class=\"wp-block-spacer\"><\/div>\n\n\n\n<div class=\"wp-block-group has-background is-vertical is-content-justification-center is-layout-flex wp-container-core-group-layout-2 wp-block-group-is-layout-flex\" style=\"background-color:#fe347e;margin-top:0;margin-bottom:0;padding-top:var(--wp--preset--spacing--40);padding-bottom:var(--wp--preset--spacing--40)\">\n<p class=\"has-text-align-center has-base-color has-text-color has-link-color has-x-large-font-size wp-elements-5f7a47ebf1eb42047dec27521483fcda\"><strong>Quiero innovar en mi<br>escuela con STEAM:<\/strong><\/p>\n\n\n\n<div class=\"wp-block-group is-nowrap is-layout-flex wp-container-core-group-layout-1 wp-block-group-is-layout-flex\">\n<figure class=\"wp-block-image size-full is-resized\"><a href=\"https:\/\/yeespr.net\/st2\/pirobot\/\"><img decoding=\"async\" width=\"897\" height=\"821\" src=\"https:\/\/yeespr.net\/st2\/wp-content\/uploads\/2024\/02\/Pirobot_Boton.png\" alt=\"\" class=\"wp-image-17072\" style=\"width:500px\" srcset=\"https:\/\/yeespr.net\/st2\/wp-content\/uploads\/2024\/02\/Pirobot_Boton.png 897w, https:\/\/yeespr.net\/st2\/wp-content\/uploads\/2024\/02\/Pirobot_Boton-300x275.png 300w, https:\/\/yeespr.net\/st2\/wp-content\/uploads\/2024\/02\/Pirobot_Boton-768x703.png 768w\" sizes=\"(max-width: 897px) 100vw, 897px\" \/><\/a><\/figure>\n\n\n\n<figure class=\"wp-block-image size-full is-resized\"><a href=\"https:\/\/yeespr.net\/st2\/robot-makers\/\"><img loading=\"lazy\" decoding=\"async\" width=\"897\" height=\"821\" src=\"https:\/\/yeespr.net\/st2\/wp-content\/uploads\/2024\/02\/RobotMakers_Boton.png\" alt=\"\" class=\"wp-image-17073\" style=\"width:500px\" srcset=\"https:\/\/yeespr.net\/st2\/wp-content\/uploads\/2024\/02\/RobotMakers_Boton.png 897w, https:\/\/yeespr.net\/st2\/wp-content\/uploads\/2024\/02\/RobotMakers_Boton-300x275.png 300w, https:\/\/yeespr.net\/st2\/wp-content\/uploads\/2024\/02\/RobotMakers_Boton-768x703.png 768w\" sizes=\"(max-width: 897px) 100vw, 897px\" \/><\/a><\/figure>\n<\/div>\n<\/div>\n\n\n\n<div class=\"wp-block-group has-background is-vertical is-content-justification-center is-layout-flex wp-container-core-group-layout-4 wp-block-group-is-layout-flex\" style=\"background-color:#30b6c7;margin-top:0;margin-bottom:0;padding-top:var(--wp--preset--spacing--40);padding-bottom:var(--wp--preset--spacing--40)\">\n<p class=\"has-text-align-center has-base-color has-text-color has-link-color has-x-large-font-size wp-elements-b2801e07dc55dea73b452b01958adad6\"><strong>Quiero innovar en mi<br>escuela con empresarismo:<\/strong><\/p>\n\n\n\n<div class=\"wp-block-group is-nowrap is-layout-flex wp-container-core-group-layout-3 wp-block-group-is-layout-flex\">\n<figure class=\"wp-block-image size-full is-resized\"><a href=\"https:\/\/yeespr.net\/st2\/clubiz\/\"><img loading=\"lazy\" decoding=\"async\" width=\"897\" height=\"821\" src=\"https:\/\/yeespr.net\/st2\/wp-content\/uploads\/2024\/02\/Clubiz_Boton.png\" alt=\"\" class=\"wp-image-17074\" style=\"width:500px\" srcset=\"https:\/\/yeespr.net\/st2\/wp-content\/uploads\/2024\/02\/Clubiz_Boton.png 897w, https:\/\/yeespr.net\/st2\/wp-content\/uploads\/2024\/02\/Clubiz_Boton-300x275.png 300w, https:\/\/yeespr.net\/st2\/wp-content\/uploads\/2024\/02\/Clubiz_Boton-768x703.png 768w\" sizes=\"(max-width: 897px) 100vw, 897px\" \/><\/a><\/figure>\n\n\n\n<figure class=\"wp-block-image size-full is-resized\"><a href=\"https:\/\/yeespr.net\/st2\/pupilobiz\/\"><img loading=\"lazy\" decoding=\"async\" width=\"897\" height=\"821\" src=\"https:\/\/yeespr.net\/st2\/wp-content\/uploads\/2024\/02\/Pupilobiz_Boton.png\" alt=\"\" class=\"wp-image-17075\" style=\"width:500px\" srcset=\"https:\/\/yeespr.net\/st2\/wp-content\/uploads\/2024\/02\/Pupilobiz_Boton.png 897w, https:\/\/yeespr.net\/st2\/wp-content\/uploads\/2024\/02\/Pupilobiz_Boton-300x275.png 300w, https:\/\/yeespr.net\/st2\/wp-content\/uploads\/2024\/02\/Pupilobiz_Boton-768x703.png 768w\" sizes=\"(max-width: 897px) 100vw, 897px\" \/><\/a><\/figure>\n<\/div>\n<\/div>\n","protected":false},"excerpt":{"rendered":"<p>\u00a1Transforma tusal\u00f3n de clasescon Yees! Con programas y hterramientaseducativas y divertidas; alineadasa los est\u00e1ndares de educaci\u00f3n. Desarrolla en tus estudiantes: [&hellip;]<\/p>\n","protected":false},"author":27,"featured_media":0,"parent":0,"menu_order":0,"comment_status":"closed","ping_status":"closed","template":"","meta":{"footnotes":""},"yoast_head":"<!-- This site is optimized with the Yoast SEO plugin v21.8.1 - https:\/\/yoast.com\/wordpress\/plugins\/seo\/ -->\n<title>Educacion &#8211; YEES!<\/title>\n<meta name=\"robots\" content=\"index, follow, max-snippet:-1, max-image-preview:large, max-video-preview:-1\" \/>\n<link rel=\"canonical\" href=\"https:\/\/yeespr.net\/st2\/educacion\/\" \/>\n<meta property=\"og:locale\" content=\"en_US\" \/>\n<meta property=\"og:type\" content=\"article\" \/>\n<meta property=\"og:title\" content=\"Educacion &#8211; YEES!\" \/>\n<meta property=\"og:description\" content=\"\u00a1Transforma tusal\u00f3n de clasescon Yees! Con programas y hterramientaseducativas y divertidas; alineadasa los est\u00e1ndares de educaci\u00f3n. Desarrolla en tus estudiantes: [&hellip;]\" \/>\n<meta property=\"og:url\" content=\"https:\/\/yeespr.net\/st2\/educacion\/\" \/>\n<meta property=\"og:site_name\" content=\"YEES!\" \/>\n<meta property=\"article:modified_time\" content=\"2024-02-07T15:08:12+00:00\" \/>\n<meta property=\"og:image\" content=\"https:\/\/yeespr.net\/st2\/wp-content\/uploads\/2024\/02\/Yees_Educacion_Header-839x1024.png\" \/>\n<meta name=\"twitter:card\" content=\"summary_large_image\" \/>\n<meta name=\"twitter:label1\" content=\"Est. reading time\" \/>\n\t<meta name=\"twitter:data1\" content=\"2 minutes\" \/>\n<script type=\"application\/ld+json\" class=\"yoast-schema-graph\">{\"@context\":\"https:\/\/schema.org\",\"@graph\":[{\"@type\":\"WebPage\",\"@id\":\"https:\/\/yeespr.net\/st2\/educacion\/\",\"url\":\"https:\/\/yeespr.net\/st2\/educacion\/\",\"name\":\"Educacion &#8211; YEES!\",\"isPartOf\":{\"@id\":\"https:\/\/yeespr.net\/st2\/#website\"},\"datePublished\":\"2024-02-07T13:27:29+00:00\",\"dateModified\":\"2024-02-07T15:08:12+00:00\",\"breadcrumb\":{\"@id\":\"https:\/\/yeespr.net\/st2\/educacion\/#breadcrumb\"},\"inLanguage\":\"en-US\",\"potentialAction\":[{\"@type\":\"ReadAction\",\"target\":[\"https:\/\/yeespr.net\/st2\/educacion\/\"]}]},{\"@type\":\"BreadcrumbList\",\"@id\":\"https:\/\/yeespr.net\/st2\/educacion\/#breadcrumb\",\"itemListElement\":[{\"@type\":\"ListItem\",\"position\":1,\"name\":\"Portada\",\"item\":\"https:\/\/yeespr.net\/st2\/\"},{\"@type\":\"ListItem\",\"position\":2,\"name\":\"Educacion\"}]},{\"@type\":\"WebSite\",\"@id\":\"https:\/\/yeespr.net\/st2\/#website\",\"url\":\"https:\/\/yeespr.net\/st2\/\",\"name\":\"YEES!\",\"description\":\"Ser la instituci\u00f3n de educaci\u00f3n empresarial predominante, reconocida, y pr\u00f3spera con amplios recursos destinados al desarrollo de una comunidad emprendedora; convertir el empresarismo en un estilo de vida que impulse a todos a quienes tocamos.\",\"publisher\":{\"@id\":\"https:\/\/yeespr.net\/st2\/#organization\"},\"potentialAction\":[{\"@type\":\"SearchAction\",\"target\":{\"@type\":\"EntryPoint\",\"urlTemplate\":\"https:\/\/yeespr.net\/st2\/?s={search_term_string}\"},\"query-input\":\"required name=search_term_string\"}],\"inLanguage\":\"en-US\"},{\"@type\":\"Organization\",\"@id\":\"https:\/\/yeespr.net\/st2\/#organization\",\"name\":\"Yees!\",\"url\":\"https:\/\/yeespr.net\/st2\/\",\"logo\":{\"@type\":\"ImageObject\",\"inLanguage\":\"en-US\",\"@id\":\"https:\/\/yeespr.net\/st2\/#\/schema\/logo\/image\/\",\"url\":\"https:\/\/yeespr.net\/st2\/wp-content\/uploads\/2019\/04\/Picture1logo2.png\",\"contentUrl\":\"https:\/\/yeespr.net\/st2\/wp-content\/uploads\/2019\/04\/Picture1logo2.png\",\"width\":144,\"height\":83,\"caption\":\"Yees!\"},\"image\":{\"@id\":\"https:\/\/yeespr.net\/st2\/#\/schema\/logo\/image\/\"}}]}<\/script>\n<!-- \/ Yoast SEO plugin. -->","yoast_head_json":{"title":"Educacion &#8211; YEES!","robots":{"index":"index","follow":"follow","max-snippet":"max-snippet:-1","max-image-preview":"max-image-preview:large","max-video-preview":"max-video-preview:-1"},"canonical":"https:\/\/yeespr.net\/st2\/educacion\/","og_locale":"en_US","og_type":"article","og_title":"Educacion &#8211; YEES!","og_description":"\u00a1Transforma tusal\u00f3n de clasescon Yees! Con programas y hterramientaseducativas y divertidas; alineadasa los est\u00e1ndares de educaci\u00f3n. Desarrolla en tus estudiantes: [&hellip;]","og_url":"https:\/\/yeespr.net\/st2\/educacion\/","og_site_name":"YEES!","article_modified_time":"2024-02-07T15:08:12+00:00","og_image":[{"url":"https:\/\/yeespr.net\/st2\/wp-content\/uploads\/2024\/02\/Yees_Educacion_Header-839x1024.png"}],"twitter_card":"summary_large_image","twitter_misc":{"Est. reading time":"2 minutes"},"schema":{"@context":"https:\/\/schema.org","@graph":[{"@type":"WebPage","@id":"https:\/\/yeespr.net\/st2\/educacion\/","url":"https:\/\/yeespr.net\/st2\/educacion\/","name":"Educacion &#8211; YEES!","isPartOf":{"@id":"https:\/\/yeespr.net\/st2\/#website"},"datePublished":"2024-02-07T13:27:29+00:00","dateModified":"2024-02-07T15:08:12+00:00","breadcrumb":{"@id":"https:\/\/yeespr.net\/st2\/educacion\/#breadcrumb"},"inLanguage":"en-US","potentialAction":[{"@type":"ReadAction","target":["https:\/\/yeespr.net\/st2\/educacion\/"]}]},{"@type":"BreadcrumbList","@id":"https:\/\/yeespr.net\/st2\/educacion\/#breadcrumb","itemListElement":[{"@type":"ListItem","position":1,"name":"Portada","item":"https:\/\/yeespr.net\/st2\/"},{"@type":"ListItem","position":2,"name":"Educacion"}]},{"@type":"WebSite","@id":"https:\/\/yeespr.net\/st2\/#website","url":"https:\/\/yeespr.net\/st2\/","name":"YEES!","description":"Ser la instituci\u00f3n de educaci\u00f3n empresarial predominante, reconocida, y pr\u00f3spera con amplios recursos destinados al desarrollo de una comunidad emprendedora; convertir el empresarismo en un estilo de vida que impulse a todos a quienes tocamos.","publisher":{"@id":"https:\/\/yeespr.net\/st2\/#organization"},"potentialAction":[{"@type":"SearchAction","target":{"@type":"EntryPoint","urlTemplate":"https:\/\/yeespr.net\/st2\/?s={search_term_string}"},"query-input":"required name=search_term_string"}],"inLanguage":"en-US"},{"@type":"Organization","@id":"https:\/\/yeespr.net\/st2\/#organization","name":"Yees!","url":"https:\/\/yeespr.net\/st2\/","logo":{"@type":"ImageObject","inLanguage":"en-US","@id":"https:\/\/yeespr.net\/st2\/#\/schema\/logo\/image\/","url":"https:\/\/yeespr.net\/st2\/wp-content\/uploads\/2019\/04\/Picture1logo2.png","contentUrl":"https:\/\/yeespr.net\/st2\/wp-content\/uploads\/2019\/04\/Picture1logo2.png","width":144,"height":83,"caption":"Yees!"},"image":{"@id":"https:\/\/yeespr.net\/st2\/#\/schema\/logo\/image\/"}}]}},"_links":{"self":[{"href":"https:\/\/yeespr.net\/st2\/wp-json\/wp\/v2\/pages\/17069"}],"collection":[{"href":"https:\/\/yeespr.net\/st2\/wp-json\/wp\/v2\/pages"}],"about":[{"href":"https:\/\/yeespr.net\/st2\/wp-json\/wp\/v2\/types\/page"}],"author":[{"embeddable":true,"href":"https:\/\/yeespr.net\/st2\/wp-json\/wp\/v2\/users\/27"}],"replies":[{"embeddable":true,"href":"https:\/\/yeespr.net\/st2\/wp-json\/wp\/v2\/comments?post=17069"}],"version-history":[{"count":3,"href":"https:\/\/yeespr.net\/st2\/wp-json\/wp\/v2\/pages\/17069\/revisions"}],"predecessor-version":[{"id":17133,"href":"https:\/\/yeespr.net\/st2\/wp-json\/wp\/v2\/pages\/17069\/revisions\/17133"}],"wp:attachment":[{"href":"https:\/\/yeespr.net\/st2\/wp-json\/wp\/v2\/media?parent=17069"}],"curies":[{"name":"wp","href":"https:\/\/api.w.org\/{rel}","templated":true}]}}