{"id":17052,"date":"2024-02-06T22:23:29","date_gmt":"2024-02-07T02:23:29","guid":{"rendered":"https:\/\/yeespr.net\/st2\/?page_id=17052"},"modified":"2024-02-06T22:23:30","modified_gmt":"2024-02-07T02:23:30","slug":"under-construction","status":"publish","type":"page","link":"https:\/\/yeespr.net\/st2\/under-construction\/","title":{"rendered":"Under Construction"},"content":{"rendered":"\n<h2 class=\"wp-block-heading has-text-align-center has-text-color has-link-color wp-elements-9c642bca68db376fca27b67dcabeaf30\" style=\"color:#383838\"><strong>\u00a1Estamos en construcci\u00f3n!<\/strong><\/h2>\n\n\n\n<div class=\"wp-block-group is-content-justification-center is-nowrap is-layout-flex wp-container-core-group-layout-1 wp-block-group-is-layout-flex\" style=\"padding-right:var(--wp--preset--spacing--50);padding-left:var(--wp--preset--spacing--50)\">\n<p class=\"has-text-align-center has-text-color has-link-color wp-elements-53071f5bea5058c8d7f53f7fa7055037\" style=\"color:#383838;font-size:clamp(1.066rem, 1.066rem + ((1vw - 0.2rem) * 0.73), 1.65rem);\">En Yees! estamos creando algo muy especial para llevarte al exito empresarial! \u00a1Seguimos bizy!<\/p>\n<\/div>\n\n\n\n<figure class=\"wp-block-image aligncenter size-full is-resized\"><img fetchpriority=\"high\" decoding=\"async\" width=\"990\" height=\"622\" src=\"https:\/\/yeespr.net\/st2\/wp-content\/uploads\/2024\/02\/EnConstruccion.png\" alt=\"\" class=\"wp-image-17053\" style=\"width:579px;height:auto\" srcset=\"https:\/\/yeespr.net\/st2\/wp-content\/uploads\/2024\/02\/EnConstruccion.png 990w, https:\/\/yeespr.net\/st2\/wp-content\/uploads\/2024\/02\/EnConstruccion-300x188.png 300w, https:\/\/yeespr.net\/st2\/wp-content\/uploads\/2024\/02\/EnConstruccion-768x483.png 768w\" sizes=\"(max-width: 990px) 100vw, 990px\" \/><\/figure>\n","protected":false},"excerpt":{"rendered":"<p>\u00a1Estamos en construcci\u00f3n! En Yees! estamos creando algo muy especial para llevarte al exito empresarial! \u00a1Seguimos bizy!<\/p>\n","protected":false},"author":27,"featured_media":0,"parent":0,"menu_order":0,"comment_status":"closed","ping_status":"closed","template":"","meta":{"footnotes":""},"yoast_head":"<!-- This site is optimized with the Yoast SEO plugin v21.8.1 - https:\/\/yoast.com\/wordpress\/plugins\/seo\/ -->\n<title>Under Construction &#8211; YEES!<\/title>\n<meta name=\"robots\" content=\"index, follow, max-snippet:-1, max-image-preview:large, max-video-preview:-1\" \/>\n<link rel=\"canonical\" href=\"https:\/\/yeespr.net\/st2\/under-construction\/\" \/>\n<meta property=\"og:locale\" content=\"en_US\" \/>\n<meta property=\"og:type\" content=\"article\" \/>\n<meta property=\"og:title\" content=\"Under Construction &#8211; YEES!\" \/>\n<meta property=\"og:description\" content=\"\u00a1Estamos en construcci\u00f3n! En Yees! estamos creando algo muy especial para llevarte al exito empresarial! \u00a1Seguimos bizy!\" \/>\n<meta property=\"og:url\" content=\"https:\/\/yeespr.net\/st2\/under-construction\/\" \/>\n<meta property=\"og:site_name\" content=\"YEES!\" \/>\n<meta property=\"article:modified_time\" content=\"2024-02-07T02:23:30+00:00\" \/>\n<meta property=\"og:image\" content=\"https:\/\/yeespr.net\/st2\/wp-content\/uploads\/2024\/02\/EnConstruccion.png\" \/>\n<meta name=\"twitter:card\" content=\"summary_large_image\" \/>\n<meta name=\"twitter:label1\" content=\"Est. reading time\" \/>\n\t<meta name=\"twitter:data1\" content=\"1 minute\" \/>\n<script type=\"application\/ld+json\" class=\"yoast-schema-graph\">{\"@context\":\"https:\/\/schema.org\",\"@graph\":[{\"@type\":\"WebPage\",\"@id\":\"https:\/\/yeespr.net\/st2\/under-construction\/\",\"url\":\"https:\/\/yeespr.net\/st2\/under-construction\/\",\"name\":\"Under Construction &#8211; YEES!\",\"isPartOf\":{\"@id\":\"https:\/\/yeespr.net\/st2\/#website\"},\"datePublished\":\"2024-02-07T02:23:29+00:00\",\"dateModified\":\"2024-02-07T02:23:30+00:00\",\"breadcrumb\":{\"@id\":\"https:\/\/yeespr.net\/st2\/under-construction\/#breadcrumb\"},\"inLanguage\":\"en-US\",\"potentialAction\":[{\"@type\":\"ReadAction\",\"target\":[\"https:\/\/yeespr.net\/st2\/under-construction\/\"]}]},{\"@type\":\"BreadcrumbList\",\"@id\":\"https:\/\/yeespr.net\/st2\/under-construction\/#breadcrumb\",\"itemListElement\":[{\"@type\":\"ListItem\",\"position\":1,\"name\":\"Portada\",\"item\":\"https:\/\/yeespr.net\/st2\/\"},{\"@type\":\"ListItem\",\"position\":2,\"name\":\"Under Construction\"}]},{\"@type\":\"WebSite\",\"@id\":\"https:\/\/yeespr.net\/st2\/#website\",\"url\":\"https:\/\/yeespr.net\/st2\/\",\"name\":\"YEES!\",\"description\":\"Ser la instituci\u00f3n de educaci\u00f3n empresarial predominante, reconocida, y pr\u00f3spera con amplios recursos destinados al desarrollo de una comunidad emprendedora; convertir el empresarismo en un estilo de vida que impulse a todos a quienes tocamos.\",\"publisher\":{\"@id\":\"https:\/\/yeespr.net\/st2\/#organization\"},\"potentialAction\":[{\"@type\":\"SearchAction\",\"target\":{\"@type\":\"EntryPoint\",\"urlTemplate\":\"https:\/\/yeespr.net\/st2\/?s={search_term_string}\"},\"query-input\":\"required name=search_term_string\"}],\"inLanguage\":\"en-US\"},{\"@type\":\"Organization\",\"@id\":\"https:\/\/yeespr.net\/st2\/#organization\",\"name\":\"Yees!\",\"url\":\"https:\/\/yeespr.net\/st2\/\",\"logo\":{\"@type\":\"ImageObject\",\"inLanguage\":\"en-US\",\"@id\":\"https:\/\/yeespr.net\/st2\/#\/schema\/logo\/image\/\",\"url\":\"https:\/\/yeespr.net\/st2\/wp-content\/uploads\/2019\/04\/Picture1logo2.png\",\"contentUrl\":\"https:\/\/yeespr.net\/st2\/wp-content\/uploads\/2019\/04\/Picture1logo2.png\",\"width\":144,\"height\":83,\"caption\":\"Yees!\"},\"image\":{\"@id\":\"https:\/\/yeespr.net\/st2\/#\/schema\/logo\/image\/\"}}]}<\/script>\n<!-- \/ Yoast SEO plugin. -->","yoast_head_json":{"title":"Under Construction &#8211; YEES!","robots":{"index":"index","follow":"follow","max-snippet":"max-snippet:-1","max-image-preview":"max-image-preview:large","max-video-preview":"max-video-preview:-1"},"canonical":"https:\/\/yeespr.net\/st2\/under-construction\/","og_locale":"en_US","og_type":"article","og_title":"Under Construction &#8211; YEES!","og_description":"\u00a1Estamos en construcci\u00f3n! En Yees! estamos creando algo muy especial para llevarte al exito empresarial! \u00a1Seguimos bizy!","og_url":"https:\/\/yeespr.net\/st2\/under-construction\/","og_site_name":"YEES!","article_modified_time":"2024-02-07T02:23:30+00:00","og_image":[{"url":"https:\/\/yeespr.net\/st2\/wp-content\/uploads\/2024\/02\/EnConstruccion.png"}],"twitter_card":"summary_large_image","twitter_misc":{"Est. reading time":"1 minute"},"schema":{"@context":"https:\/\/schema.org","@graph":[{"@type":"WebPage","@id":"https:\/\/yeespr.net\/st2\/under-construction\/","url":"https:\/\/yeespr.net\/st2\/under-construction\/","name":"Under Construction &#8211; YEES!","isPartOf":{"@id":"https:\/\/yeespr.net\/st2\/#website"},"datePublished":"2024-02-07T02:23:29+00:00","dateModified":"2024-02-07T02:23:30+00:00","breadcrumb":{"@id":"https:\/\/yeespr.net\/st2\/under-construction\/#breadcrumb"},"inLanguage":"en-US","potentialAction":[{"@type":"ReadAction","target":["https:\/\/yeespr.net\/st2\/under-construction\/"]}]},{"@type":"BreadcrumbList","@id":"https:\/\/yeespr.net\/st2\/under-construction\/#breadcrumb","itemListElement":[{"@type":"ListItem","position":1,"name":"Portada","item":"https:\/\/yeespr.net\/st2\/"},{"@type":"ListItem","position":2,"name":"Under Construction"}]},{"@type":"WebSite","@id":"https:\/\/yeespr.net\/st2\/#website","url":"https:\/\/yeespr.net\/st2\/","name":"YEES!","description":"Ser la instituci\u00f3n de educaci\u00f3n empresarial predominante, reconocida, y pr\u00f3spera con amplios recursos destinados al desarrollo de una comunidad emprendedora; convertir el empresarismo en un estilo de vida que impulse a todos a quienes tocamos.","publisher":{"@id":"https:\/\/yeespr.net\/st2\/#organization"},"potentialAction":[{"@type":"SearchAction","target":{"@type":"EntryPoint","urlTemplate":"https:\/\/yeespr.net\/st2\/?s={search_term_string}"},"query-input":"required name=search_term_string"}],"inLanguage":"en-US"},{"@type":"Organization","@id":"https:\/\/yeespr.net\/st2\/#organization","name":"Yees!","url":"https:\/\/yeespr.net\/st2\/","logo":{"@type":"ImageObject","inLanguage":"en-US","@id":"https:\/\/yeespr.net\/st2\/#\/schema\/logo\/image\/","url":"https:\/\/yeespr.net\/st2\/wp-content\/uploads\/2019\/04\/Picture1logo2.png","contentUrl":"https:\/\/yeespr.net\/st2\/wp-content\/uploads\/2019\/04\/Picture1logo2.png","width":144,"height":83,"caption":"Yees!"},"image":{"@id":"https:\/\/yeespr.net\/st2\/#\/schema\/logo\/image\/"}}]}},"_links":{"self":[{"href":"https:\/\/yeespr.net\/st2\/wp-json\/wp\/v2\/pages\/17052"}],"collection":[{"href":"https:\/\/yeespr.net\/st2\/wp-json\/wp\/v2\/pages"}],"about":[{"href":"https:\/\/yeespr.net\/st2\/wp-json\/wp\/v2\/types\/page"}],"author":[{"embeddable":true,"href":"https:\/\/yeespr.net\/st2\/wp-json\/wp\/v2\/users\/27"}],"replies":[{"embeddable":true,"href":"https:\/\/yeespr.net\/st2\/wp-json\/wp\/v2\/comments?post=17052"}],"version-history":[{"count":1,"href":"https:\/\/yeespr.net\/st2\/wp-json\/wp\/v2\/pages\/17052\/revisions"}],"predecessor-version":[{"id":17054,"href":"https:\/\/yeespr.net\/st2\/wp-json\/wp\/v2\/pages\/17052\/revisions\/17054"}],"wp:attachment":[{"href":"https:\/\/yeespr.net\/st2\/wp-json\/wp\/v2\/media?parent=17052"}],"curies":[{"name":"wp","href":"https:\/\/api.w.org\/{rel}","templated":true}]}}