{"id":17021,"date":"2024-02-07T09:32:06","date_gmt":"2024-02-07T13:32:06","guid":{"rendered":"https:\/\/yeespr.net\/st2\/?page_id=17021"},"modified":"2024-02-07T13:24:59","modified_gmt":"2024-02-07T17:24:59","slug":"robot-makers","status":"publish","type":"page","link":"https:\/\/yeespr.net\/st2\/robot-makers\/","title":{"rendered":"Robot Makers"},"content":{"rendered":"\n<figure class=\"wp-block-image aligncenter size-large is-resized\"><img fetchpriority=\"high\" decoding=\"async\" width=\"1024\" height=\"388\" src=\"https:\/\/yeespr.net\/st2\/wp-content\/uploads\/2024\/02\/RobotMakers_Logo-1024x388.png\" alt=\"\" class=\"wp-image-17047\" style=\"width:631px;height:auto\" srcset=\"https:\/\/yeespr.net\/st2\/wp-content\/uploads\/2024\/02\/RobotMakers_Logo-1024x388.png 1024w, https:\/\/yeespr.net\/st2\/wp-content\/uploads\/2024\/02\/RobotMakers_Logo-300x114.png 300w, https:\/\/yeespr.net\/st2\/wp-content\/uploads\/2024\/02\/RobotMakers_Logo-768x291.png 768w, https:\/\/yeespr.net\/st2\/wp-content\/uploads\/2024\/02\/RobotMakers_Logo.png 1136w\" sizes=\"(max-width: 1024px) 100vw, 1024px\" \/><\/figure>\n\n\n\n<div style=\"height:100px\" aria-hidden=\"true\" class=\"wp-block-spacer\"><\/div>\n\n\n\n<div class=\"wp-block-group is-content-justification-center is-nowrap is-layout-flex wp-container-core-group-layout-1 wp-block-group-is-layout-flex\">\n<p class=\"has-text-color has-link-color has-large-font-size wp-elements-35754e298ae9bf0c42e4e2aafc6d337e\" style=\"color:#383838\"><strong>Un proyecto estrat\u00e9gico<\/strong><br>para fortalecer la<br>capacidad competitiva<br>a trav\u00e9s de la innovaci\u00f3n<br>y el empresarismo.<\/p>\n\n\n\n<figure class=\"wp-block-image size-large is-resized\"><img decoding=\"async\" width=\"1024\" height=\"954\" src=\"https:\/\/yeespr.net\/st2\/wp-content\/uploads\/2024\/02\/RobotMakers_Header-1024x954.png\" alt=\"\" class=\"wp-image-17059\" style=\"width:570px;height:auto\" srcset=\"https:\/\/yeespr.net\/st2\/wp-content\/uploads\/2024\/02\/RobotMakers_Header-1024x954.png 1024w, https:\/\/yeespr.net\/st2\/wp-content\/uploads\/2024\/02\/RobotMakers_Header-300x279.png 300w, https:\/\/yeespr.net\/st2\/wp-content\/uploads\/2024\/02\/RobotMakers_Header-768x715.png 768w, https:\/\/yeespr.net\/st2\/wp-content\/uploads\/2024\/02\/RobotMakers_Header-1536x1430.png 1536w, https:\/\/yeespr.net\/st2\/wp-content\/uploads\/2024\/02\/RobotMakers_Header.png 1846w\" sizes=\"(max-width: 1024px) 100vw, 1024px\" \/><\/figure>\n<\/div>\n\n\n\n<div class=\"wp-block-group is-content-justification-center is-nowrap is-layout-flex wp-container-core-group-layout-2 wp-block-group-is-layout-flex\">\n<figure class=\"wp-block-image size-large is-resized\"><img decoding=\"async\" width=\"1024\" height=\"998\" src=\"https:\/\/yeespr.net\/st2\/wp-content\/uploads\/2024\/02\/RobotMakers_5g-1024x998.png\" alt=\"\" class=\"wp-image-17060\" style=\"width:372px;height:auto\" srcset=\"https:\/\/yeespr.net\/st2\/wp-content\/uploads\/2024\/02\/RobotMakers_5g-1024x998.png 1024w, https:\/\/yeespr.net\/st2\/wp-content\/uploads\/2024\/02\/RobotMakers_5g-300x292.png 300w, https:\/\/yeespr.net\/st2\/wp-content\/uploads\/2024\/02\/RobotMakers_5g-768x749.png 768w, https:\/\/yeespr.net\/st2\/wp-content\/uploads\/2024\/02\/RobotMakers_5g.png 1073w\" sizes=\"(max-width: 1024px) 100vw, 1024px\" \/><\/figure>\n\n\n\n<p class=\"has-text-align-right has-text-color has-link-color has-large-font-size wp-elements-5e7aa3836bde7d6a73a36eafd77aaf86\" style=\"color:#383838\">A trav\u00e9s de Robot Makers los maestros y<br>estudiantes participan de una serie de<br>actividades dirigidas a desarrollar sus<br>capacidades y destrezas de tecnolog\u00eda y<br>rob\u00f3tica mediante experiencias educativas<br>sobre el desarrollo de la mentalidad<br>empresarial e ideas de negocios.<\/p>\n<\/div>\n\n\n\n<div style=\"height:100px\" aria-hidden=\"true\" class=\"wp-block-spacer\"><\/div>\n\n\n\n<p class=\"has-text-align-center has-text-color has-link-color has-x-large-font-size wp-elements-c49cf462f8ae33ae01d50ce18bcb34ca\" style=\"color:#383838\"><strong>Componentes del Proyecto<\/strong><\/p>\n\n\n\n<figure class=\"wp-block-image aligncenter size-large\"><img loading=\"lazy\" decoding=\"async\" width=\"1024\" height=\"388\" src=\"https:\/\/yeespr.net\/st2\/wp-content\/uploads\/2024\/02\/RobotMakers_Componentes-1024x388.png\" alt=\"\" class=\"wp-image-17048\" srcset=\"https:\/\/yeespr.net\/st2\/wp-content\/uploads\/2024\/02\/RobotMakers_Componentes-1024x388.png 1024w, https:\/\/yeespr.net\/st2\/wp-content\/uploads\/2024\/02\/RobotMakers_Componentes-300x114.png 300w, https:\/\/yeespr.net\/st2\/wp-content\/uploads\/2024\/02\/RobotMakers_Componentes-768x291.png 768w, https:\/\/yeespr.net\/st2\/wp-content\/uploads\/2024\/02\/RobotMakers_Componentes.png 1136w\" sizes=\"(max-width: 1024px) 100vw, 1024px\" \/><\/figure>\n\n\n\n<div style=\"height:100px\" aria-hidden=\"true\" class=\"wp-block-spacer\"><\/div>\n\n\n\n<figure class=\"wp-block-image aligncenter size-large is-resized\"><img loading=\"lazy\" decoding=\"async\" width=\"1024\" height=\"615\" src=\"https:\/\/yeespr.net\/st2\/wp-content\/uploads\/2024\/02\/RobotMakers_Ediciones-1024x615.png\" alt=\"\" class=\"wp-image-17061\" style=\"width:990px\" srcset=\"https:\/\/yeespr.net\/st2\/wp-content\/uploads\/2024\/02\/RobotMakers_Ediciones-1024x615.png 1024w, https:\/\/yeespr.net\/st2\/wp-content\/uploads\/2024\/02\/RobotMakers_Ediciones-300x180.png 300w, https:\/\/yeespr.net\/st2\/wp-content\/uploads\/2024\/02\/RobotMakers_Ediciones-768x461.png 768w, https:\/\/yeespr.net\/st2\/wp-content\/uploads\/2024\/02\/RobotMakers_Ediciones-1536x923.png 1536w, https:\/\/yeespr.net\/st2\/wp-content\/uploads\/2024\/02\/RobotMakers_Ediciones-2048x1230.png 2048w\" sizes=\"(max-width: 1024px) 100vw, 1024px\" \/><\/figure>\n\n\n\n<div style=\"height:50px\" aria-hidden=\"true\" class=\"wp-block-spacer\"><\/div>\n\n\n\n<div class=\"wp-block-group is-vertical is-content-justification-center is-layout-flex wp-container-core-group-layout-7 wp-block-group-is-layout-flex\">\n<p class=\"has-text-align-center has-text-color has-link-color has-large-font-size wp-elements-af70a8576411f30960efa6bc77eeff1b\" style=\"color:#383838\"><strong>Escoge<\/strong> tu experiencia<\/p>\n\n\n\n<div class=\"wp-block-group is-nowrap is-layout-flex wp-container-core-group-layout-3 wp-block-group-is-layout-flex\">\n<figure class=\"wp-block-image size-large is-resized\"><img loading=\"lazy\" decoding=\"async\" width=\"1024\" height=\"755\" src=\"https:\/\/yeespr.net\/st2\/wp-content\/uploads\/2024\/02\/mock-up_RM_3d-printing-1024x755.png\" alt=\"\" class=\"wp-image-17062\" style=\"width:525px\" srcset=\"https:\/\/yeespr.net\/st2\/wp-content\/uploads\/2024\/02\/mock-up_RM_3d-printing-1024x755.png 1024w, https:\/\/yeespr.net\/st2\/wp-content\/uploads\/2024\/02\/mock-up_RM_3d-printing-300x221.png 300w, https:\/\/yeespr.net\/st2\/wp-content\/uploads\/2024\/02\/mock-up_RM_3d-printing-768x566.png 768w, https:\/\/yeespr.net\/st2\/wp-content\/uploads\/2024\/02\/mock-up_RM_3d-printing-1536x1132.png 1536w, https:\/\/yeespr.net\/st2\/wp-content\/uploads\/2024\/02\/mock-up_RM_3d-printing-2048x1509.png 2048w\" sizes=\"(max-width: 1024px) 100vw, 1024px\" \/><\/figure>\n\n\n\n<p class=\"has-text-color has-link-color has-large-font-size wp-elements-f4d4c41f206c3fd4f27a08ee9623c9e0\" style=\"color:#383838\"><strong>IoT +<\/strong> 3D Printing<\/p>\n<\/div>\n\n\n\n<div class=\"wp-block-group is-nowrap is-layout-flex wp-container-core-group-layout-4 wp-block-group-is-layout-flex\">\n<p class=\"has-text-color has-link-color has-large-font-size wp-elements-75eface72b5a49a60e92603f0d526710\" style=\"color:#383838\"><strong>IoT +<\/strong> Laser Cutter<\/p>\n\n\n\n<figure class=\"wp-block-image size-large is-resized\"><img loading=\"lazy\" decoding=\"async\" width=\"1024\" height=\"755\" src=\"https:\/\/yeespr.net\/st2\/wp-content\/uploads\/2024\/02\/mock-up_RM_laser-cutter-1024x755.png\" alt=\"\" class=\"wp-image-17063\" style=\"width:525px\" srcset=\"https:\/\/yeespr.net\/st2\/wp-content\/uploads\/2024\/02\/mock-up_RM_laser-cutter-1024x755.png 1024w, https:\/\/yeespr.net\/st2\/wp-content\/uploads\/2024\/02\/mock-up_RM_laser-cutter-300x221.png 300w, https:\/\/yeespr.net\/st2\/wp-content\/uploads\/2024\/02\/mock-up_RM_laser-cutter-768x566.png 768w, https:\/\/yeespr.net\/st2\/wp-content\/uploads\/2024\/02\/mock-up_RM_laser-cutter-1536x1132.png 1536w, https:\/\/yeespr.net\/st2\/wp-content\/uploads\/2024\/02\/mock-up_RM_laser-cutter-2048x1509.png 2048w\" sizes=\"(max-width: 1024px) 100vw, 1024px\" \/><\/figure>\n<\/div>\n\n\n\n<div class=\"wp-block-group is-nowrap is-layout-flex wp-container-core-group-layout-5 wp-block-group-is-layout-flex\">\n<figure class=\"wp-block-image size-large is-resized\"><img loading=\"lazy\" decoding=\"async\" width=\"1024\" height=\"755\" src=\"https:\/\/yeespr.net\/st2\/wp-content\/uploads\/2024\/02\/mock-up_RM_AI-1024x755.png\" alt=\"\" class=\"wp-image-17064\" style=\"width:525px\" srcset=\"https:\/\/yeespr.net\/st2\/wp-content\/uploads\/2024\/02\/mock-up_RM_AI-1024x755.png 1024w, https:\/\/yeespr.net\/st2\/wp-content\/uploads\/2024\/02\/mock-up_RM_AI-300x221.png 300w, https:\/\/yeespr.net\/st2\/wp-content\/uploads\/2024\/02\/mock-up_RM_AI-768x566.png 768w, https:\/\/yeespr.net\/st2\/wp-content\/uploads\/2024\/02\/mock-up_RM_AI-1536x1132.png 1536w, https:\/\/yeespr.net\/st2\/wp-content\/uploads\/2024\/02\/mock-up_RM_AI-2048x1509.png 2048w\" sizes=\"(max-width: 1024px) 100vw, 1024px\" \/><\/figure>\n\n\n\n<p class=\"has-text-color has-link-color has-large-font-size wp-elements-555fbe73e78ebce4c53b570a6b814dae\" style=\"color:#383838\"><strong>IoT +<\/strong> Artificial Intelligence (AI)<\/p>\n<\/div>\n\n\n\n<div class=\"wp-block-group is-nowrap is-layout-flex wp-container-core-group-layout-6 wp-block-group-is-layout-flex\">\n<p class=\"has-text-color has-link-color has-large-font-size wp-elements-6f2473e5604c6cdf38e1942615068194\" style=\"color:#383838\"><strong>IoT +<\/strong> Virtual Reality<\/p>\n\n\n\n<figure class=\"wp-block-image size-large is-resized\"><img loading=\"lazy\" decoding=\"async\" width=\"1024\" height=\"755\" src=\"https:\/\/yeespr.net\/st2\/wp-content\/uploads\/2024\/02\/mock-up_RM_virtual-reality-1024x755.png\" alt=\"\" class=\"wp-image-17065\" style=\"width:525px\" srcset=\"https:\/\/yeespr.net\/st2\/wp-content\/uploads\/2024\/02\/mock-up_RM_virtual-reality-1024x755.png 1024w, https:\/\/yeespr.net\/st2\/wp-content\/uploads\/2024\/02\/mock-up_RM_virtual-reality-300x221.png 300w, https:\/\/yeespr.net\/st2\/wp-content\/uploads\/2024\/02\/mock-up_RM_virtual-reality-768x566.png 768w, https:\/\/yeespr.net\/st2\/wp-content\/uploads\/2024\/02\/mock-up_RM_virtual-reality-1536x1132.png 1536w, https:\/\/yeespr.net\/st2\/wp-content\/uploads\/2024\/02\/mock-up_RM_virtual-reality-2048x1509.png 2048w\" sizes=\"(max-width: 1024px) 100vw, 1024px\" \/><\/figure>\n<\/div>\n<\/div>\n\n\n\n<div style=\"height:61px\" aria-hidden=\"true\" class=\"wp-block-spacer\"><\/div>\n\n\n\n<div class=\"wp-block-group has-background is-vertical is-content-justification-center is-layout-flex wp-container-core-group-layout-12 wp-block-group-is-layout-flex\" style=\"background-color:#2fc0d1;padding-top:var(--wp--preset--spacing--40);padding-bottom:var(--wp--preset--spacing--40)\">\n<p class=\"has-text-align-center has-base-color has-text-color has-link-color has-large-font-size wp-elements-4d49d6c0ea2c725de56a190282fedc72\"><strong>El programa de Robot Makers<br>incluye:<\/strong><\/p>\n\n\n\n<div class=\"wp-block-group is-nowrap is-layout-flex wp-container-core-group-layout-11 wp-block-group-is-layout-flex\">\n<div class=\"wp-block-group is-vertical is-content-justification-center is-layout-flex wp-container-core-group-layout-8 wp-block-group-is-layout-flex\">\n<figure class=\"wp-block-image size-full is-resized\"><img loading=\"lazy\" decoding=\"async\" width=\"400\" height=\"400\" src=\"https:\/\/yeespr.net\/st2\/wp-content\/uploads\/2024\/01\/Adiestramiento.png\" alt=\"\" class=\"wp-image-17009\" style=\"width:200px\" srcset=\"https:\/\/yeespr.net\/st2\/wp-content\/uploads\/2024\/01\/Adiestramiento.png 400w, https:\/\/yeespr.net\/st2\/wp-content\/uploads\/2024\/01\/Adiestramiento-300x300.png 300w, https:\/\/yeespr.net\/st2\/wp-content\/uploads\/2024\/01\/Adiestramiento-150x150.png 150w\" sizes=\"(max-width: 400px) 100vw, 400px\" \/><\/figure>\n\n\n\n<p class=\"has-text-align-center has-base-color has-text-color has-link-color wp-elements-77f331892fad8eee3192a57551edca96\">Adiestramiento al educador.<\/p>\n<\/div>\n\n\n\n<div class=\"wp-block-group is-vertical is-content-justification-center is-layout-flex wp-container-core-group-layout-9 wp-block-group-is-layout-flex\">\n<figure class=\"wp-block-image size-full is-resized\"><img loading=\"lazy\" decoding=\"async\" width=\"400\" height=\"400\" src=\"https:\/\/yeespr.net\/st2\/wp-content\/uploads\/2024\/01\/Guia.png\" alt=\"\" class=\"wp-image-17010\" style=\"width:200px\" srcset=\"https:\/\/yeespr.net\/st2\/wp-content\/uploads\/2024\/01\/Guia.png 400w, https:\/\/yeespr.net\/st2\/wp-content\/uploads\/2024\/01\/Guia-300x300.png 300w, https:\/\/yeespr.net\/st2\/wp-content\/uploads\/2024\/01\/Guia-150x150.png 150w\" sizes=\"(max-width: 400px) 100vw, 400px\" \/><\/figure>\n\n\n\n<p class=\"has-text-align-center has-base-color has-text-color has-link-color wp-elements-4ab12a7af733548d8e9e42222f732ed2\">Manual del estudiante.<\/p>\n<\/div>\n\n\n\n<div class=\"wp-block-group is-vertical is-content-justification-center is-layout-flex wp-container-core-group-layout-10 wp-block-group-is-layout-flex\">\n<figure class=\"wp-block-image size-full is-resized\"><img loading=\"lazy\" decoding=\"async\" width=\"400\" height=\"400\" src=\"https:\/\/yeespr.net\/st2\/wp-content\/uploads\/2024\/01\/kit.png\" alt=\"\" class=\"wp-image-17011\" style=\"width:200px\" srcset=\"https:\/\/yeespr.net\/st2\/wp-content\/uploads\/2024\/01\/kit.png 400w, https:\/\/yeespr.net\/st2\/wp-content\/uploads\/2024\/01\/kit-300x300.png 300w, https:\/\/yeespr.net\/st2\/wp-content\/uploads\/2024\/01\/kit-150x150.png 150w\" sizes=\"(max-width: 400px) 100vw, 400px\" \/><\/figure>\n\n\n\n<p class=\"has-base-color has-text-color has-link-color wp-elements-8f310cf6a9c9e612fb728ee238165845\">Stembox.<\/p>\n<\/div>\n<\/div>\n\n\n\n<div style=\"height:0px\" aria-hidden=\"true\" class=\"wp-block-spacer wp-container-content-1\"><\/div>\n\n\n\n<p class=\"has-text-align-center has-base-color has-text-color has-link-color has-large-font-size wp-elements-47652978b135081e00d20a8ccdd672ad\"><strong>\u00a1Convierte tu instituci\u00f3n en una emprendedora<br>con Robot Makers!<\/strong> Cont\u00e1ctanos ahora para obtener m\u00e1s informaci\u00f3n y<br>cotizaciones personalizadas que transformar\u00e1n el<br>aprendizaje en el aula.<\/p>\n\n\n\n<div class=\"wp-block-buttons is-layout-flex wp-block-buttons-is-layout-flex\">\n<div class=\"wp-block-button has-custom-font-size\" style=\"font-size:clamp(1.861rem, 1.861rem + ((1vw - 0.2rem) * 1.736), 3.25rem);\"><a class=\"wp-block-button__link has-base-color has-text-color has-background has-link-color wp-element-button\" href=\"https:\/\/yeespr.net\/st2\/contact-form\/\" style=\"border-radius:100px;background-color:#6cc7d4\"><strong>\u00a1Me interesa!<\/strong><\/a><\/div>\n<\/div>\n<\/div>\n","protected":false},"excerpt":{"rendered":"<p>Un proyecto estrat\u00e9gicopara fortalecer lacapacidad competitivaa trav\u00e9s de la innovaci\u00f3ny el empresarismo. A trav\u00e9s de Robot Makers los maestros yestudiantes [&hellip;]<\/p>\n","protected":false},"author":27,"featured_media":0,"parent":0,"menu_order":0,"comment_status":"closed","ping_status":"closed","template":"","meta":{"footnotes":""},"yoast_head":"<!-- This site is optimized with the Yoast SEO plugin v21.8.1 - https:\/\/yoast.com\/wordpress\/plugins\/seo\/ -->\n<title>Robot Makers &#8211; YEES!<\/title>\n<meta name=\"robots\" content=\"index, follow, max-snippet:-1, max-image-preview:large, max-video-preview:-1\" \/>\n<link rel=\"canonical\" href=\"https:\/\/yeespr.net\/st2\/robot-makers\/\" \/>\n<meta property=\"og:locale\" content=\"en_US\" \/>\n<meta property=\"og:type\" content=\"article\" \/>\n<meta property=\"og:title\" content=\"Robot Makers &#8211; YEES!\" \/>\n<meta property=\"og:description\" content=\"Un proyecto estrat\u00e9gicopara fortalecer lacapacidad competitivaa trav\u00e9s de la innovaci\u00f3ny el empresarismo. A trav\u00e9s de Robot Makers los maestros yestudiantes [&hellip;]\" \/>\n<meta property=\"og:url\" content=\"https:\/\/yeespr.net\/st2\/robot-makers\/\" \/>\n<meta property=\"og:site_name\" content=\"YEES!\" \/>\n<meta property=\"article:modified_time\" content=\"2024-02-07T17:24:59+00:00\" \/>\n<meta property=\"og:image\" content=\"https:\/\/yeespr.net\/st2\/wp-content\/uploads\/2024\/02\/RobotMakers_Logo-1024x388.png\" \/>\n<meta name=\"twitter:card\" content=\"summary_large_image\" \/>\n<script type=\"application\/ld+json\" class=\"yoast-schema-graph\">{\"@context\":\"https:\/\/schema.org\",\"@graph\":[{\"@type\":\"WebPage\",\"@id\":\"https:\/\/yeespr.net\/st2\/robot-makers\/\",\"url\":\"https:\/\/yeespr.net\/st2\/robot-makers\/\",\"name\":\"Robot Makers &#8211; YEES!\",\"isPartOf\":{\"@id\":\"https:\/\/yeespr.net\/st2\/#website\"},\"datePublished\":\"2024-02-07T13:32:06+00:00\",\"dateModified\":\"2024-02-07T17:24:59+00:00\",\"breadcrumb\":{\"@id\":\"https:\/\/yeespr.net\/st2\/robot-makers\/#breadcrumb\"},\"inLanguage\":\"en-US\",\"potentialAction\":[{\"@type\":\"ReadAction\",\"target\":[\"https:\/\/yeespr.net\/st2\/robot-makers\/\"]}]},{\"@type\":\"BreadcrumbList\",\"@id\":\"https:\/\/yeespr.net\/st2\/robot-makers\/#breadcrumb\",\"itemListElement\":[{\"@type\":\"ListItem\",\"position\":1,\"name\":\"Portada\",\"item\":\"https:\/\/yeespr.net\/st2\/\"},{\"@type\":\"ListItem\",\"position\":2,\"name\":\"Robot Makers\"}]},{\"@type\":\"WebSite\",\"@id\":\"https:\/\/yeespr.net\/st2\/#website\",\"url\":\"https:\/\/yeespr.net\/st2\/\",\"name\":\"YEES!\",\"description\":\"Ser la instituci\u00f3n de educaci\u00f3n empresarial predominante, reconocida, y pr\u00f3spera con amplios recursos destinados al desarrollo de una comunidad emprendedora; convertir el empresarismo en un estilo de vida que impulse a todos a quienes tocamos.\",\"publisher\":{\"@id\":\"https:\/\/yeespr.net\/st2\/#organization\"},\"potentialAction\":[{\"@type\":\"SearchAction\",\"target\":{\"@type\":\"EntryPoint\",\"urlTemplate\":\"https:\/\/yeespr.net\/st2\/?s={search_term_string}\"},\"query-input\":\"required name=search_term_string\"}],\"inLanguage\":\"en-US\"},{\"@type\":\"Organization\",\"@id\":\"https:\/\/yeespr.net\/st2\/#organization\",\"name\":\"Yees!\",\"url\":\"https:\/\/yeespr.net\/st2\/\",\"logo\":{\"@type\":\"ImageObject\",\"inLanguage\":\"en-US\",\"@id\":\"https:\/\/yeespr.net\/st2\/#\/schema\/logo\/image\/\",\"url\":\"https:\/\/yeespr.net\/st2\/wp-content\/uploads\/2019\/04\/Picture1logo2.png\",\"contentUrl\":\"https:\/\/yeespr.net\/st2\/wp-content\/uploads\/2019\/04\/Picture1logo2.png\",\"width\":144,\"height\":83,\"caption\":\"Yees!\"},\"image\":{\"@id\":\"https:\/\/yeespr.net\/st2\/#\/schema\/logo\/image\/\"}}]}<\/script>\n<!-- \/ Yoast SEO plugin. -->","yoast_head_json":{"title":"Robot Makers &#8211; YEES!","robots":{"index":"index","follow":"follow","max-snippet":"max-snippet:-1","max-image-preview":"max-image-preview:large","max-video-preview":"max-video-preview:-1"},"canonical":"https:\/\/yeespr.net\/st2\/robot-makers\/","og_locale":"en_US","og_type":"article","og_title":"Robot Makers &#8211; YEES!","og_description":"Un proyecto estrat\u00e9gicopara fortalecer lacapacidad competitivaa trav\u00e9s de la innovaci\u00f3ny el empresarismo. A trav\u00e9s de Robot Makers los maestros yestudiantes [&hellip;]","og_url":"https:\/\/yeespr.net\/st2\/robot-makers\/","og_site_name":"YEES!","article_modified_time":"2024-02-07T17:24:59+00:00","og_image":[{"url":"https:\/\/yeespr.net\/st2\/wp-content\/uploads\/2024\/02\/RobotMakers_Logo-1024x388.png"}],"twitter_card":"summary_large_image","schema":{"@context":"https:\/\/schema.org","@graph":[{"@type":"WebPage","@id":"https:\/\/yeespr.net\/st2\/robot-makers\/","url":"https:\/\/yeespr.net\/st2\/robot-makers\/","name":"Robot Makers &#8211; YEES!","isPartOf":{"@id":"https:\/\/yeespr.net\/st2\/#website"},"datePublished":"2024-02-07T13:32:06+00:00","dateModified":"2024-02-07T17:24:59+00:00","breadcrumb":{"@id":"https:\/\/yeespr.net\/st2\/robot-makers\/#breadcrumb"},"inLanguage":"en-US","potentialAction":[{"@type":"ReadAction","target":["https:\/\/yeespr.net\/st2\/robot-makers\/"]}]},{"@type":"BreadcrumbList","@id":"https:\/\/yeespr.net\/st2\/robot-makers\/#breadcrumb","itemListElement":[{"@type":"ListItem","position":1,"name":"Portada","item":"https:\/\/yeespr.net\/st2\/"},{"@type":"ListItem","position":2,"name":"Robot Makers"}]},{"@type":"WebSite","@id":"https:\/\/yeespr.net\/st2\/#website","url":"https:\/\/yeespr.net\/st2\/","name":"YEES!","description":"Ser la instituci\u00f3n de educaci\u00f3n empresarial predominante, reconocida, y pr\u00f3spera con amplios recursos destinados al desarrollo de una comunidad emprendedora; convertir el empresarismo en un estilo de vida que impulse a todos a quienes tocamos.","publisher":{"@id":"https:\/\/yeespr.net\/st2\/#organization"},"potentialAction":[{"@type":"SearchAction","target":{"@type":"EntryPoint","urlTemplate":"https:\/\/yeespr.net\/st2\/?s={search_term_string}"},"query-input":"required name=search_term_string"}],"inLanguage":"en-US"},{"@type":"Organization","@id":"https:\/\/yeespr.net\/st2\/#organization","name":"Yees!","url":"https:\/\/yeespr.net\/st2\/","logo":{"@type":"ImageObject","inLanguage":"en-US","@id":"https:\/\/yeespr.net\/st2\/#\/schema\/logo\/image\/","url":"https:\/\/yeespr.net\/st2\/wp-content\/uploads\/2019\/04\/Picture1logo2.png","contentUrl":"https:\/\/yeespr.net\/st2\/wp-content\/uploads\/2019\/04\/Picture1logo2.png","width":144,"height":83,"caption":"Yees!"},"image":{"@id":"https:\/\/yeespr.net\/st2\/#\/schema\/logo\/image\/"}}]}},"_links":{"self":[{"href":"https:\/\/yeespr.net\/st2\/wp-json\/wp\/v2\/pages\/17021"}],"collection":[{"href":"https:\/\/yeespr.net\/st2\/wp-json\/wp\/v2\/pages"}],"about":[{"href":"https:\/\/yeespr.net\/st2\/wp-json\/wp\/v2\/types\/page"}],"author":[{"embeddable":true,"href":"https:\/\/yeespr.net\/st2\/wp-json\/wp\/v2\/users\/27"}],"replies":[{"embeddable":true,"href":"https:\/\/yeespr.net\/st2\/wp-json\/wp\/v2\/comments?post=17021"}],"version-history":[{"count":8,"href":"https:\/\/yeespr.net\/st2\/wp-json\/wp\/v2\/pages\/17021\/revisions"}],"predecessor-version":[{"id":17143,"href":"https:\/\/yeespr.net\/st2\/wp-json\/wp\/v2\/pages\/17021\/revisions\/17143"}],"wp:attachment":[{"href":"https:\/\/yeespr.net\/st2\/wp-json\/wp\/v2\/media?parent=17021"}],"curies":[{"name":"wp","href":"https:\/\/api.w.org\/{rel}","templated":true}]}}