{"id":13971,"date":"2020-02-13T15:53:43","date_gmt":"2020-02-13T19:53:43","guid":{"rendered":"https:\/\/yeespr.net\/st2\/?page_id=13971"},"modified":"2020-04-08T14:20:48","modified_gmt":"2020-04-08T18:20:48","slug":"materiales","status":"publish","type":"page","link":"https:\/\/yeespr.net\/st2\/empresas\/materiales\/","title":{"rendered":"Materiales y Herramientas"},"content":{"rendered":"\n<style>\n    div.programa {\n        display: inline-block;\n    }\n\n    div.programa img {\n        float: left;\n        padding: 0 15px 0 0;\n    }\n\n    div.programa p {\n        margin-top: 15px;\n        font-size: large;\n    }\n    \n    .button {\n        background-color: white;\n        border: 2px solid #3eb6ea;\n        border-radius: 5px;\n        color: black;\n        padding: 16px 32px;\n        text-align: center;\n        text-decoration: none;\n        display: inline-block;\n        font-size: 16px;\n        margin: 4px 250px 4px 0;\n        transition-duration: 0.6s;\n        cursor: pointer;\n        float: right;\n    }\n\n    .button:hover {\n        background-color: #3eb6ea;\n        color: white;\n    }\n\n<\/style>\n\n<div class=\"programa\" name=\"bizeller\">\n    <img decoding=\"async\" src=\"https:\/\/yeespr.net\/st2\/wp-content\/uploads\/2020\/02\/bizeller.png\" alt=\"lean it audit\" class=\"image\" style=\"width: 200px !important; height: 200px !important;\">\n    <h2>\n        Bizeller\n    <\/h2>\n    <p>\n        Plataforma digital que permite promover de manera exclusiva la compra y venta de tu negocio.\n    <\/p>\n    <a href=\"#\"><button class=\"button\" type=\"button\">\n        ENTRA\n    <\/button><\/a>\n<\/div>\n\n\n<div>\n    <img decoding=\"async\" src=\"https:\/\/yeespr.net\/st2\/wp-content\/uploads\/2020\/03\/Logos-Web-07.jpg\" alt=\"y-preneurs\" class=\"image\">\n   <\/div>\n<div>\n <h2>\n        Bistepz\n    <\/h2>\n    <p>\n        El plan de negocios sigue siendo una herramienta empresarial esencial. Ya sea para un nuevo producto o servicio\n        o como documento de trabajo para la b\u00fasqueda de financiamiento, a trav\u00e9s de Bistepz puedes crearlo, paso a paso\n        con toda la informaci\u00f3n que necesitas para que el concepto sea econ\u00f3mica viable.\n    <\/p>\n    <a href=\"..\/..\/product\/bistepz\/\"><button class=\"button\" type=\"button\">\n        ENTRA\n    <\/button><\/a>\n<\/div>\n","protected":false},"excerpt":{"rendered":"<p>Bizeller Plataforma digital que permite promover de manera exclusiva la compra y venta de tu negocio. ENTRA Bistepz El plan [&hellip;]<\/p>\n","protected":false},"author":1,"featured_media":0,"parent":12862,"menu_order":0,"comment_status":"closed","ping_status":"closed","template":"","meta":{"footnotes":""},"yoast_head":"<!-- This site is optimized with the Yoast SEO plugin v21.8.1 - https:\/\/yoast.com\/wordpress\/plugins\/seo\/ -->\n<title>Materiales y Herramientas &#8211; YEES!<\/title>\n<meta name=\"robots\" content=\"index, follow, max-snippet:-1, max-image-preview:large, max-video-preview:-1\" \/>\n<link rel=\"canonical\" href=\"https:\/\/yeespr.net\/st2\/empresas\/materiales\/\" \/>\n<meta property=\"og:locale\" content=\"en_US\" \/>\n<meta property=\"og:type\" content=\"article\" \/>\n<meta property=\"og:title\" content=\"Materiales y Herramientas &#8211; YEES!\" \/>\n<meta property=\"og:description\" content=\"Bizeller Plataforma digital que permite promover de manera exclusiva la compra y venta de tu negocio. ENTRA Bistepz El plan [&hellip;]\" \/>\n<meta property=\"og:url\" content=\"https:\/\/yeespr.net\/st2\/empresas\/materiales\/\" \/>\n<meta property=\"og:site_name\" content=\"YEES!\" \/>\n<meta property=\"article:modified_time\" content=\"2020-04-08T18:20:48+00:00\" \/>\n<meta property=\"og:image\" content=\"https:\/\/yeespr.net\/st2\/wp-content\/uploads\/2020\/02\/bizeller.png\" \/>\n<meta name=\"twitter:card\" content=\"summary_large_image\" \/>\n<script type=\"application\/ld+json\" class=\"yoast-schema-graph\">{\"@context\":\"https:\/\/schema.org\",\"@graph\":[{\"@type\":\"WebPage\",\"@id\":\"https:\/\/yeespr.net\/st2\/empresas\/materiales\/\",\"url\":\"https:\/\/yeespr.net\/st2\/empresas\/materiales\/\",\"name\":\"Materiales y Herramientas &#8211; YEES!\",\"isPartOf\":{\"@id\":\"https:\/\/yeespr.net\/st2\/#website\"},\"datePublished\":\"2020-02-13T19:53:43+00:00\",\"dateModified\":\"2020-04-08T18:20:48+00:00\",\"breadcrumb\":{\"@id\":\"https:\/\/yeespr.net\/st2\/empresas\/materiales\/#breadcrumb\"},\"inLanguage\":\"en-US\",\"potentialAction\":[{\"@type\":\"ReadAction\",\"target\":[\"https:\/\/yeespr.net\/st2\/empresas\/materiales\/\"]}]},{\"@type\":\"BreadcrumbList\",\"@id\":\"https:\/\/yeespr.net\/st2\/empresas\/materiales\/#breadcrumb\",\"itemListElement\":[{\"@type\":\"ListItem\",\"position\":1,\"name\":\"Portada\",\"item\":\"https:\/\/yeespr.net\/st2\/\"},{\"@type\":\"ListItem\",\"position\":2,\"name\":\"Empresas\",\"item\":\"https:\/\/yeespr.net\/st2\/empresas\/\"},{\"@type\":\"ListItem\",\"position\":3,\"name\":\"Materiales y Herramientas\"}]},{\"@type\":\"WebSite\",\"@id\":\"https:\/\/yeespr.net\/st2\/#website\",\"url\":\"https:\/\/yeespr.net\/st2\/\",\"name\":\"YEES!\",\"description\":\"Ser la instituci\u00f3n de educaci\u00f3n empresarial predominante, reconocida, y pr\u00f3spera con amplios recursos destinados al desarrollo de una comunidad emprendedora; convertir el empresarismo en un estilo de vida que impulse a todos a quienes tocamos.\",\"publisher\":{\"@id\":\"https:\/\/yeespr.net\/st2\/#organization\"},\"potentialAction\":[{\"@type\":\"SearchAction\",\"target\":{\"@type\":\"EntryPoint\",\"urlTemplate\":\"https:\/\/yeespr.net\/st2\/?s={search_term_string}\"},\"query-input\":\"required name=search_term_string\"}],\"inLanguage\":\"en-US\"},{\"@type\":\"Organization\",\"@id\":\"https:\/\/yeespr.net\/st2\/#organization\",\"name\":\"Yees!\",\"url\":\"https:\/\/yeespr.net\/st2\/\",\"logo\":{\"@type\":\"ImageObject\",\"inLanguage\":\"en-US\",\"@id\":\"https:\/\/yeespr.net\/st2\/#\/schema\/logo\/image\/\",\"url\":\"https:\/\/yeespr.net\/st2\/wp-content\/uploads\/2019\/04\/Picture1logo2.png\",\"contentUrl\":\"https:\/\/yeespr.net\/st2\/wp-content\/uploads\/2019\/04\/Picture1logo2.png\",\"width\":144,\"height\":83,\"caption\":\"Yees!\"},\"image\":{\"@id\":\"https:\/\/yeespr.net\/st2\/#\/schema\/logo\/image\/\"}}]}<\/script>\n<!-- \/ Yoast SEO plugin. -->","yoast_head_json":{"title":"Materiales y Herramientas &#8211; YEES!","robots":{"index":"index","follow":"follow","max-snippet":"max-snippet:-1","max-image-preview":"max-image-preview:large","max-video-preview":"max-video-preview:-1"},"canonical":"https:\/\/yeespr.net\/st2\/empresas\/materiales\/","og_locale":"en_US","og_type":"article","og_title":"Materiales y Herramientas &#8211; YEES!","og_description":"Bizeller Plataforma digital que permite promover de manera exclusiva la compra y venta de tu negocio. ENTRA Bistepz El plan [&hellip;]","og_url":"https:\/\/yeespr.net\/st2\/empresas\/materiales\/","og_site_name":"YEES!","article_modified_time":"2020-04-08T18:20:48+00:00","og_image":[{"url":"https:\/\/yeespr.net\/st2\/wp-content\/uploads\/2020\/02\/bizeller.png"}],"twitter_card":"summary_large_image","schema":{"@context":"https:\/\/schema.org","@graph":[{"@type":"WebPage","@id":"https:\/\/yeespr.net\/st2\/empresas\/materiales\/","url":"https:\/\/yeespr.net\/st2\/empresas\/materiales\/","name":"Materiales y Herramientas &#8211; YEES!","isPartOf":{"@id":"https:\/\/yeespr.net\/st2\/#website"},"datePublished":"2020-02-13T19:53:43+00:00","dateModified":"2020-04-08T18:20:48+00:00","breadcrumb":{"@id":"https:\/\/yeespr.net\/st2\/empresas\/materiales\/#breadcrumb"},"inLanguage":"en-US","potentialAction":[{"@type":"ReadAction","target":["https:\/\/yeespr.net\/st2\/empresas\/materiales\/"]}]},{"@type":"BreadcrumbList","@id":"https:\/\/yeespr.net\/st2\/empresas\/materiales\/#breadcrumb","itemListElement":[{"@type":"ListItem","position":1,"name":"Portada","item":"https:\/\/yeespr.net\/st2\/"},{"@type":"ListItem","position":2,"name":"Empresas","item":"https:\/\/yeespr.net\/st2\/empresas\/"},{"@type":"ListItem","position":3,"name":"Materiales y Herramientas"}]},{"@type":"WebSite","@id":"https:\/\/yeespr.net\/st2\/#website","url":"https:\/\/yeespr.net\/st2\/","name":"YEES!","description":"Ser la instituci\u00f3n de educaci\u00f3n empresarial predominante, reconocida, y pr\u00f3spera con amplios recursos destinados al desarrollo de una comunidad emprendedora; convertir el empresarismo en un estilo de vida que impulse a todos a quienes tocamos.","publisher":{"@id":"https:\/\/yeespr.net\/st2\/#organization"},"potentialAction":[{"@type":"SearchAction","target":{"@type":"EntryPoint","urlTemplate":"https:\/\/yeespr.net\/st2\/?s={search_term_string}"},"query-input":"required name=search_term_string"}],"inLanguage":"en-US"},{"@type":"Organization","@id":"https:\/\/yeespr.net\/st2\/#organization","name":"Yees!","url":"https:\/\/yeespr.net\/st2\/","logo":{"@type":"ImageObject","inLanguage":"en-US","@id":"https:\/\/yeespr.net\/st2\/#\/schema\/logo\/image\/","url":"https:\/\/yeespr.net\/st2\/wp-content\/uploads\/2019\/04\/Picture1logo2.png","contentUrl":"https:\/\/yeespr.net\/st2\/wp-content\/uploads\/2019\/04\/Picture1logo2.png","width":144,"height":83,"caption":"Yees!"},"image":{"@id":"https:\/\/yeespr.net\/st2\/#\/schema\/logo\/image\/"}}]}},"_links":{"self":[{"href":"https:\/\/yeespr.net\/st2\/wp-json\/wp\/v2\/pages\/13971"}],"collection":[{"href":"https:\/\/yeespr.net\/st2\/wp-json\/wp\/v2\/pages"}],"about":[{"href":"https:\/\/yeespr.net\/st2\/wp-json\/wp\/v2\/types\/page"}],"author":[{"embeddable":true,"href":"https:\/\/yeespr.net\/st2\/wp-json\/wp\/v2\/users\/1"}],"replies":[{"embeddable":true,"href":"https:\/\/yeespr.net\/st2\/wp-json\/wp\/v2\/comments?post=13971"}],"version-history":[{"count":11,"href":"https:\/\/yeespr.net\/st2\/wp-json\/wp\/v2\/pages\/13971\/revisions"}],"predecessor-version":[{"id":15272,"href":"https:\/\/yeespr.net\/st2\/wp-json\/wp\/v2\/pages\/13971\/revisions\/15272"}],"up":[{"embeddable":true,"href":"https:\/\/yeespr.net\/st2\/wp-json\/wp\/v2\/pages\/12862"}],"wp:attachment":[{"href":"https:\/\/yeespr.net\/st2\/wp-json\/wp\/v2\/media?parent=13971"}],"curies":[{"name":"wp","href":"https:\/\/api.w.org\/{rel}","templated":true}]}}