{"id":13915,"date":"2020-02-11T15:17:30","date_gmt":"2020-02-11T19:17:30","guid":{"rendered":"https:\/\/yeespr.net\/st2\/?page_id=13915"},"modified":"2020-02-24T09:16:00","modified_gmt":"2020-02-24T13:16:00","slug":"eventos","status":"publish","type":"page","link":"https:\/\/yeespr.net\/st2\/estudiantes\/eventos\/","title":{"rendered":"Eventos"},"content":{"rendered":"\n<style>\n    div.programa {\n        display: inline-block;\n    }\n\n    div.programa img {\n        float: left;\n        padding: 0 15px 0 0;\n        display: none;\n    }\n\n    div.programa p {\n        margin-top: 15px;\n        font-size: large;\n    }\n\n    div.desc {\n        text-align: center;\n    }\n\n<\/style>\n\n<div class=\"programa\" name=\"justas-empresariales\">\n    <img decoding=\"async\" src=\"https:\/\/yeespr.net\/st2\/wp-content\/uploads\/2019\/12\/justas-empresariales_mockup.png\" alt=\"J.Empresariales\" class=\"image\" style=\"width: 200px !important; height: 200px !important;\">\n    <h2>\n        Justas Empresariales Universitarias\n    <\/h2>\n    <p>\n        Es la \u00fanica competencia entre instituciones de educaci\u00f3n post-secundaria que fomenta el empresarismo y la creaci\u00f3n de negocios.\n    <\/p>\n<\/div>\n\n<hr>\n\n<div class=\"programa\" name=\"robot-makers\">\n    <img decoding=\"async\" src=\"https:\/\/yeespr.net\/st2\/wp-content\/uploads\/2019\/05\/ROBOT_MAKERS_MOCKUP.png\" alt=\"robot-makers\" class=\"image\" style=\"width: 200px !important; height: 200px !important;\">\n    <h2>\n        Robot Makers\n    <\/h2>\n    <p>\n        Proyecto dise\u00f1ado para el Departamento de Desarrollo Econ\u00f3mico y Comercio de Puerto Rico con el objetivo de fortalecer\n        la capacidad competitiva del pa\u00eds a trav\u00e9s de estrategias educativas que fomentan las destrezas STEM y el empresarismo en\n        estudiantes que forman parte de programas de rob\u00f3tica.\n    <\/p>\n<\/div>\n\n<hr>\n\n<div class=\"programa\" name=\"feria-empresarial\">\n    <img decoding=\"async\" src=\"https:\/\/yeespr.net\/st2\/wp-content\/uploads\/2019\/05\/Screen-Shot-2019-05-27-at-10.33.21-AM.png\" alt=\"feria-empresarial\" class=\"image\" style=\"height: 190px !important; width: 300px !important;\">\n    <h2>\n        Feria Empresarial Juvenil\n    <\/h2>\n    <p>\n        Ofrece la oportunidad a los participantes de crear una idea de negocios y llevarla al mercado.\n    <\/p>\n<\/div>\n\n<hr>\n\n<div class=\"programa\" name=\"mat-emprende\">\n    <img decoding=\"async\" src=\"https:\/\/yeespr.net\/st2\/wp-content\/uploads\/2019\/05\/MAT_EMPRENDE_MOCKUP.png\" alt=\"mat-emprende\" class=\"image\" style=\"width: 200px !important; height: 200px !important;\">\n    <h2>\n        Mat-Emprende\n    <\/h2>\n    <p>\n        Integra el empresarismo como una herramienta para fortalecer las habilidades matem\u00e1ticas.\n    <\/p>\n<\/div>\n\n<hr>\n\n<div class=\"programa\" name=\"arranque-empresarial\">\n    <img decoding=\"async\" src=\"https:\/\/yeespr.net\/st2\/wp-content\/uploads\/2019\/05\/Logo-Arranque.jpg\" alt=\"arranque\" class=\"image\" style=\"height: 200px !important; width: 300px !important;\">\n    <h2>\n        Arranque Empresarial Juvenil\n    <\/h2>\n    <p>\n        Proyecto estrat\u00e9gico del Municipio Aut\u00f3nomo de Caguas donde ofrecemos apoyo en su componente educativo mediante\n        el desarrollo del curr\u00edculo y material educativo para las escuelas elementales, intermedias y superiores.\n    <\/p>\n<\/div>\n","protected":false},"excerpt":{"rendered":"<p>Justas Empresariales Universitarias Es la \u00fanica competencia entre instituciones de educaci\u00f3n post-secundaria que fomenta el empresarismo y la creaci\u00f3n de [&hellip;]<\/p>\n","protected":false},"author":1,"featured_media":0,"parent":12859,"menu_order":0,"comment_status":"closed","ping_status":"closed","template":"","meta":{"footnotes":""},"yoast_head":"<!-- This site is optimized with the Yoast SEO plugin v21.8.1 - https:\/\/yoast.com\/wordpress\/plugins\/seo\/ -->\n<title>Eventos &#8211; YEES!<\/title>\n<meta name=\"robots\" content=\"index, follow, max-snippet:-1, max-image-preview:large, max-video-preview:-1\" \/>\n<link rel=\"canonical\" href=\"https:\/\/yeespr.net\/st2\/estudiantes\/eventos\/\" \/>\n<meta property=\"og:locale\" content=\"en_US\" \/>\n<meta property=\"og:type\" content=\"article\" \/>\n<meta property=\"og:title\" content=\"Eventos &#8211; YEES!\" \/>\n<meta property=\"og:description\" content=\"Justas Empresariales Universitarias Es la \u00fanica competencia entre instituciones de educaci\u00f3n post-secundaria que fomenta el empresarismo y la creaci\u00f3n de [&hellip;]\" \/>\n<meta property=\"og:url\" content=\"https:\/\/yeespr.net\/st2\/estudiantes\/eventos\/\" \/>\n<meta property=\"og:site_name\" content=\"YEES!\" \/>\n<meta property=\"article:modified_time\" content=\"2020-02-24T13:16:00+00:00\" \/>\n<meta property=\"og:image\" content=\"https:\/\/yeespr.net\/st2\/wp-content\/uploads\/2019\/12\/justas-empresariales_mockup.png\" \/>\n<meta name=\"twitter:card\" content=\"summary_large_image\" \/>\n<meta name=\"twitter:label1\" content=\"Est. reading time\" \/>\n\t<meta name=\"twitter:data1\" content=\"1 minute\" \/>\n<script type=\"application\/ld+json\" class=\"yoast-schema-graph\">{\"@context\":\"https:\/\/schema.org\",\"@graph\":[{\"@type\":\"WebPage\",\"@id\":\"https:\/\/yeespr.net\/st2\/estudiantes\/eventos\/\",\"url\":\"https:\/\/yeespr.net\/st2\/estudiantes\/eventos\/\",\"name\":\"Eventos &#8211; YEES!\",\"isPartOf\":{\"@id\":\"https:\/\/yeespr.net\/st2\/#website\"},\"datePublished\":\"2020-02-11T19:17:30+00:00\",\"dateModified\":\"2020-02-24T13:16:00+00:00\",\"breadcrumb\":{\"@id\":\"https:\/\/yeespr.net\/st2\/estudiantes\/eventos\/#breadcrumb\"},\"inLanguage\":\"en-US\",\"potentialAction\":[{\"@type\":\"ReadAction\",\"target\":[\"https:\/\/yeespr.net\/st2\/estudiantes\/eventos\/\"]}]},{\"@type\":\"BreadcrumbList\",\"@id\":\"https:\/\/yeespr.net\/st2\/estudiantes\/eventos\/#breadcrumb\",\"itemListElement\":[{\"@type\":\"ListItem\",\"position\":1,\"name\":\"Portada\",\"item\":\"https:\/\/yeespr.net\/st2\/\"},{\"@type\":\"ListItem\",\"position\":2,\"name\":\"Estudiantes\",\"item\":\"https:\/\/yeespr.net\/st2\/estudiantes\/\"},{\"@type\":\"ListItem\",\"position\":3,\"name\":\"Eventos\"}]},{\"@type\":\"WebSite\",\"@id\":\"https:\/\/yeespr.net\/st2\/#website\",\"url\":\"https:\/\/yeespr.net\/st2\/\",\"name\":\"YEES!\",\"description\":\"Ser la instituci\u00f3n de educaci\u00f3n empresarial predominante, reconocida, y pr\u00f3spera con amplios recursos destinados al desarrollo de una comunidad emprendedora; convertir el empresarismo en un estilo de vida que impulse a todos a quienes tocamos.\",\"publisher\":{\"@id\":\"https:\/\/yeespr.net\/st2\/#organization\"},\"potentialAction\":[{\"@type\":\"SearchAction\",\"target\":{\"@type\":\"EntryPoint\",\"urlTemplate\":\"https:\/\/yeespr.net\/st2\/?s={search_term_string}\"},\"query-input\":\"required name=search_term_string\"}],\"inLanguage\":\"en-US\"},{\"@type\":\"Organization\",\"@id\":\"https:\/\/yeespr.net\/st2\/#organization\",\"name\":\"Yees!\",\"url\":\"https:\/\/yeespr.net\/st2\/\",\"logo\":{\"@type\":\"ImageObject\",\"inLanguage\":\"en-US\",\"@id\":\"https:\/\/yeespr.net\/st2\/#\/schema\/logo\/image\/\",\"url\":\"https:\/\/yeespr.net\/st2\/wp-content\/uploads\/2019\/04\/Picture1logo2.png\",\"contentUrl\":\"https:\/\/yeespr.net\/st2\/wp-content\/uploads\/2019\/04\/Picture1logo2.png\",\"width\":144,\"height\":83,\"caption\":\"Yees!\"},\"image\":{\"@id\":\"https:\/\/yeespr.net\/st2\/#\/schema\/logo\/image\/\"}}]}<\/script>\n<!-- \/ Yoast SEO plugin. -->","yoast_head_json":{"title":"Eventos &#8211; YEES!","robots":{"index":"index","follow":"follow","max-snippet":"max-snippet:-1","max-image-preview":"max-image-preview:large","max-video-preview":"max-video-preview:-1"},"canonical":"https:\/\/yeespr.net\/st2\/estudiantes\/eventos\/","og_locale":"en_US","og_type":"article","og_title":"Eventos &#8211; YEES!","og_description":"Justas Empresariales Universitarias Es la \u00fanica competencia entre instituciones de educaci\u00f3n post-secundaria que fomenta el empresarismo y la creaci\u00f3n de [&hellip;]","og_url":"https:\/\/yeespr.net\/st2\/estudiantes\/eventos\/","og_site_name":"YEES!","article_modified_time":"2020-02-24T13:16:00+00:00","og_image":[{"url":"https:\/\/yeespr.net\/st2\/wp-content\/uploads\/2019\/12\/justas-empresariales_mockup.png"}],"twitter_card":"summary_large_image","twitter_misc":{"Est. reading time":"1 minute"},"schema":{"@context":"https:\/\/schema.org","@graph":[{"@type":"WebPage","@id":"https:\/\/yeespr.net\/st2\/estudiantes\/eventos\/","url":"https:\/\/yeespr.net\/st2\/estudiantes\/eventos\/","name":"Eventos &#8211; YEES!","isPartOf":{"@id":"https:\/\/yeespr.net\/st2\/#website"},"datePublished":"2020-02-11T19:17:30+00:00","dateModified":"2020-02-24T13:16:00+00:00","breadcrumb":{"@id":"https:\/\/yeespr.net\/st2\/estudiantes\/eventos\/#breadcrumb"},"inLanguage":"en-US","potentialAction":[{"@type":"ReadAction","target":["https:\/\/yeespr.net\/st2\/estudiantes\/eventos\/"]}]},{"@type":"BreadcrumbList","@id":"https:\/\/yeespr.net\/st2\/estudiantes\/eventos\/#breadcrumb","itemListElement":[{"@type":"ListItem","position":1,"name":"Portada","item":"https:\/\/yeespr.net\/st2\/"},{"@type":"ListItem","position":2,"name":"Estudiantes","item":"https:\/\/yeespr.net\/st2\/estudiantes\/"},{"@type":"ListItem","position":3,"name":"Eventos"}]},{"@type":"WebSite","@id":"https:\/\/yeespr.net\/st2\/#website","url":"https:\/\/yeespr.net\/st2\/","name":"YEES!","description":"Ser la instituci\u00f3n de educaci\u00f3n empresarial predominante, reconocida, y pr\u00f3spera con amplios recursos destinados al desarrollo de una comunidad emprendedora; convertir el empresarismo en un estilo de vida que impulse a todos a quienes tocamos.","publisher":{"@id":"https:\/\/yeespr.net\/st2\/#organization"},"potentialAction":[{"@type":"SearchAction","target":{"@type":"EntryPoint","urlTemplate":"https:\/\/yeespr.net\/st2\/?s={search_term_string}"},"query-input":"required name=search_term_string"}],"inLanguage":"en-US"},{"@type":"Organization","@id":"https:\/\/yeespr.net\/st2\/#organization","name":"Yees!","url":"https:\/\/yeespr.net\/st2\/","logo":{"@type":"ImageObject","inLanguage":"en-US","@id":"https:\/\/yeespr.net\/st2\/#\/schema\/logo\/image\/","url":"https:\/\/yeespr.net\/st2\/wp-content\/uploads\/2019\/04\/Picture1logo2.png","contentUrl":"https:\/\/yeespr.net\/st2\/wp-content\/uploads\/2019\/04\/Picture1logo2.png","width":144,"height":83,"caption":"Yees!"},"image":{"@id":"https:\/\/yeespr.net\/st2\/#\/schema\/logo\/image\/"}}]}},"_links":{"self":[{"href":"https:\/\/yeespr.net\/st2\/wp-json\/wp\/v2\/pages\/13915"}],"collection":[{"href":"https:\/\/yeespr.net\/st2\/wp-json\/wp\/v2\/pages"}],"about":[{"href":"https:\/\/yeespr.net\/st2\/wp-json\/wp\/v2\/types\/page"}],"author":[{"embeddable":true,"href":"https:\/\/yeespr.net\/st2\/wp-json\/wp\/v2\/users\/1"}],"replies":[{"embeddable":true,"href":"https:\/\/yeespr.net\/st2\/wp-json\/wp\/v2\/comments?post=13915"}],"version-history":[{"count":4,"href":"https:\/\/yeespr.net\/st2\/wp-json\/wp\/v2\/pages\/13915\/revisions"}],"predecessor-version":[{"id":14307,"href":"https:\/\/yeespr.net\/st2\/wp-json\/wp\/v2\/pages\/13915\/revisions\/14307"}],"up":[{"embeddable":true,"href":"https:\/\/yeespr.net\/st2\/wp-json\/wp\/v2\/pages\/12859"}],"wp:attachment":[{"href":"https:\/\/yeespr.net\/st2\/wp-json\/wp\/v2\/media?parent=13915"}],"curies":[{"name":"wp","href":"https:\/\/api.w.org\/{rel}","templated":true}]}}